{"id":125,"date":"2014-09-02T14:34:54","date_gmt":"2014-09-02T13:34:54","guid":{"rendered":"http:\/\/vsatest.wpweb.fr\/?page_id=125"},"modified":"2015-01-13T11:05:36","modified_gmt":"2015-01-13T11:05:36","slug":"vivre-a-ville-sous-anjou","status":"publish","type":"page","link":"https:\/\/ville-sous-anjou.fr\/?page_id=125","title":{"rendered":"Vivre \u00e0 Ville-sous-Anjou"},"content":{"rendered":"<ul class=\"sub-menu\">\n<li id=\"menu-item-630\" class=\"menu-item menu-item-type-post_type menu-item-object-page menu-item-630\"><a href=\"http:\/\/ville-sous-anjou.fr\/?page_id=135\">La biblioth\u00e8que<\/a><\/li>\n<li id=\"menu-item-627\" class=\"menu-item menu-item-type-post_type menu-item-object-page menu-item-627\"><a href=\"http:\/\/ville-sous-anjou.fr\/?page_id=141\">Le commerce<\/a><\/li>\n<li id=\"menu-item-628\" class=\"menu-item menu-item-type-post_type menu-item-object-page menu-item-628\"><a href=\"http:\/\/ville-sous-anjou.fr\/?page_id=139\">Les artisans et les entreprises<\/a><\/li>\n<li id=\"menu-item-629\" class=\"menu-item menu-item-type-post_type menu-item-object-page menu-item-629\"><a href=\"http:\/\/ville-sous-anjou.fr\/?page_id=137\">Le cabinet d\u2019infirmi\u00e8res<\/a><\/li>\n<li id=\"menu-item-626\" class=\"menu-item menu-item-type-post_type menu-item-object-page menu-item-626\"><a href=\"http:\/\/ville-sous-anjou.fr\/?page_id=143\">Les salles communales<\/a><\/li>\n<li id=\"menu-item-625\" class=\"menu-item menu-item-type-post_type menu-item-object-page menu-item-625\"><a href=\"http:\/\/ville-sous-anjou.fr\/?page_id=147\">R\u00e9sidence services<\/a><\/li>\n<li id=\"menu-item-622\" class=\"menu-item menu-item-type-post_type menu-item-object-page menu-item-622\"><a href=\"http:\/\/ville-sous-anjou.fr\/?page_id=155\">Paroisse<\/a><\/li>\n<li id=\"menu-item-623\" class=\"menu-item menu-item-type-post_type menu-item-object-page menu-item-623\"><a href=\"http:\/\/ville-sous-anjou.fr\/?page_id=151\">Services utiles<\/a><\/li>\n<li id=\"menu-item-632\" class=\"menu-item menu-item-type-post_type menu-item-object-page menu-item-632\"><a href=\"http:\/\/ville-sous-anjou.fr\/?page_id=131\">La collecte des d\u00e9chets m\u00e9nagers<\/a><\/li>\n<li id=\"menu-item-631\" class=\"menu-item menu-item-type-post_type menu-item-object-page menu-item-631\"><a href=\"http:\/\/ville-sous-anjou.fr\/?page_id=133\">La d\u00e9chetterie<\/a><\/li>\n<\/ul>\n","protected":false},"excerpt":{"rendered":"<p>La biblioth\u00e8que Le commerce Les artisans et les entreprises Le cabinet d\u2019infirmi\u00e8res Les salles communales R\u00e9sidence services Paroisse Services utiles La collecte des d\u00e9chets m\u00e9nagers La d\u00e9chetterie<\/p>\n","protected":false},"author":1,"featured_media":0,"parent":0,"menu_order":0,"comment_status":"closed","ping_status":"closed","template":"","meta":{"_exactmetrics_skip_tracking":false,"_exactmetrics_sitenote_active":false,"_exactmetrics_sitenote_note":"","_exactmetrics_sitenote_category":0,"footnotes":""},"class_list":["post-125","page","type-page","status-publish","hentry"],"_links":{"self":[{"href":"https:\/\/ville-sous-anjou.fr\/index.php?rest_route=\/wp\/v2\/pages\/125","targetHints":{"allow":["GET"]}}],"collection":[{"href":"https:\/\/ville-sous-anjou.fr\/index.php?rest_route=\/wp\/v2\/pages"}],"about":[{"href":"https:\/\/ville-sous-anjou.fr\/index.php?rest_route=\/wp\/v2\/types\/page"}],"author":[{"embeddable":true,"href":"https:\/\/ville-sous-anjou.fr\/index.php?rest_route=\/wp\/v2\/users\/1"}],"replies":[{"embeddable":true,"href":"https:\/\/ville-sous-anjou.fr\/index.php?rest_route=%2Fwp%2Fv2%2Fcomments&post=125"}],"version-history":[{"count":2,"href":"https:\/\/ville-sous-anjou.fr\/index.php?rest_route=\/wp\/v2\/pages\/125\/revisions"}],"predecessor-version":[{"id":671,"href":"https:\/\/ville-sous-anjou.fr\/index.php?rest_route=\/wp\/v2\/pages\/125\/revisions\/671"}],"wp:attachment":[{"href":"https:\/\/ville-sous-anjou.fr\/index.php?rest_route=%2Fwp%2Fv2%2Fmedia&parent=125"}],"curies":[{"name":"wp","href":"https:\/\/api.w.org\/{rel}","templated":true}]}}