{"id":129,"date":"2014-09-02T14:35:53","date_gmt":"2014-09-02T13:35:53","guid":{"rendered":"http:\/\/vsatest.wpweb.fr\/?page_id=129"},"modified":"2024-11-04T13:12:16","modified_gmt":"2024-11-04T13:12:16","slug":"les-horaires-douvertures-de-la-mairie","status":"publish","type":"page","link":"https:\/\/ville-sous-anjou.fr\/?page_id=129","title":{"rendered":"Les horaires d&rsquo;ouvertures de la mairie"},"content":{"rendered":"<p><strong>HORAIRES D\u2019OUVERTURE AU PUBLIC <\/strong><br \/>\n<span>Les <strong>lundis, mardis, jeudis et vendredis de 8h30 \u00e0 12h 00<\/strong><\/span><br \/>\nLe 1er Samedi du mois de 10h00 \u00e0 12h 00<\/p>\n<p><strong><em>Horaires de pr\u00e9sence du Maire en mairie :<a href=\"http:\/\/ville-sous-anjou.fr\/wp-content\/uploads\/2014\/12\/Place2.jpg\"><img loading=\"lazy\" decoding=\"async\" class=\"alignleft size-medium wp-image-442\" src=\"http:\/\/ville-sous-anjou.fr\/wp-content\/uploads\/2014\/12\/Place2-300x225.jpg\" alt=\"Place2\" width=\"300\" height=\"225\" srcset=\"https:\/\/ville-sous-anjou.fr\/wp-content\/uploads\/2014\/12\/Place2-300x225.jpg 300w, https:\/\/ville-sous-anjou.fr\/wp-content\/uploads\/2014\/12\/Place2-1024x768.jpg 1024w, https:\/\/ville-sous-anjou.fr\/wp-content\/uploads\/2014\/12\/Place2.jpg 2048w\" sizes=\"auto, (max-width: 300px) 100vw, 300px\" \/><\/a><\/em><\/strong><br \/>\nContacter le secr\u00e9tariat de mairie<\/p>\n<p>T\u00e9l : 04 74 84 04 55<br \/>\nFax : 04 74 84 11 81<br \/>\n<span><a href=\"mailto:mairie@ville-sous-anjou.fr\" title=\"Envoyer e-mail \u00e0 mairie@ville-sous-anjou.fr\" class=\"mailto\" target=\"_blank\" rel=\"noopener\">mairie@ville-sous-anjou.fr<\/a><\/span><\/p>\n","protected":false},"excerpt":{"rendered":"<p>HORAIRES D\u2019OUVERTURE AU PUBLIC Les lundis, mardis, jeudis et vendredis de 8h30 \u00e0 12h 00 Le 1er Samedi du mois de 10h00 \u00e0 12h 00 Horaires de pr\u00e9sence du Maire en mairie : Contacter le secr\u00e9tariat de mairie T\u00e9l : 04 74 84 04 55 Fax : 04 74 84 [&hellip;]<\/p>\n","protected":false},"author":1,"featured_media":0,"parent":0,"menu_order":0,"comment_status":"closed","ping_status":"closed","template":"","meta":{"_exactmetrics_skip_tracking":false,"_exactmetrics_sitenote_active":false,"_exactmetrics_sitenote_note":"","_exactmetrics_sitenote_category":0,"footnotes":""},"class_list":["post-129","page","type-page","status-publish","hentry"],"_links":{"self":[{"href":"https:\/\/ville-sous-anjou.fr\/index.php?rest_route=\/wp\/v2\/pages\/129","targetHints":{"allow":["GET"]}}],"collection":[{"href":"https:\/\/ville-sous-anjou.fr\/index.php?rest_route=\/wp\/v2\/pages"}],"about":[{"href":"https:\/\/ville-sous-anjou.fr\/index.php?rest_route=\/wp\/v2\/types\/page"}],"author":[{"embeddable":true,"href":"https:\/\/ville-sous-anjou.fr\/index.php?rest_route=\/wp\/v2\/users\/1"}],"replies":[{"embeddable":true,"href":"https:\/\/ville-sous-anjou.fr\/index.php?rest_route=%2Fwp%2Fv2%2Fcomments&post=129"}],"version-history":[{"count":4,"href":"https:\/\/ville-sous-anjou.fr\/index.php?rest_route=\/wp\/v2\/pages\/129\/revisions"}],"predecessor-version":[{"id":3195,"href":"https:\/\/ville-sous-anjou.fr\/index.php?rest_route=\/wp\/v2\/pages\/129\/revisions\/3195"}],"wp:attachment":[{"href":"https:\/\/ville-sous-anjou.fr\/index.php?rest_route=%2Fwp%2Fv2%2Fmedia&parent=129"}],"curies":[{"name":"wp","href":"https:\/\/api.w.org\/{rel}","templated":true}]}}