{"id":131,"date":"2014-09-02T14:36:17","date_gmt":"2014-09-02T13:36:17","guid":{"rendered":"http:\/\/vsatest.wpweb.fr\/?page_id=131"},"modified":"2024-09-09T11:59:29","modified_gmt":"2024-09-09T11:59:29","slug":"la-collecte-des-dechets-menagers","status":"publish","type":"page","link":"https:\/\/ville-sous-anjou.fr\/?page_id=131","title":{"rendered":"Le tri et la collecte des d\u00e9chets m\u00e9nagers"},"content":{"rendered":"\n<p>Chaque foyer est dot\u00e9 de deux conteneurs :<\/p>\n\n\n\n<ul class=\"wp-block-list\">\n<li>Le jaune pour les d\u00e9chets recyclables apr\u00e8s tri s\u00e9lectif<\/li>\n\n\n\n<li>Le vert pour les ordures m\u00e9nag\u00e8res<\/li>\n<\/ul>\n\n\n\n<p><strong>Tous les d\u00e9chets m\u00e9nagers ne vont pas dans la bac vert ou le bac jaune&nbsp;!<\/strong><\/p>\n\n\n\n<p>Certains iront dans des conteneurs en points d\u2019apport volontaire ( verre, textile), d\u2019autres iront en d\u00e9ch\u00e8terie ( d\u00e9chets verts, encombrants, gravats\u2026), &nbsp;enfin le compostage sert \u00e0 r\u00e9duire la production des d\u00e9chets fermentescibles ( de la cuisine au jardin) et \u00e0 cr\u00e9er un terreau naturel et gratuit.<br><img loading=\"lazy\" decoding=\"async\" width=\"300\" height=\"302\" class=\"wp-image-3159\" style=\"width: 300px;\" src=\"http:\/\/ville-sous-anjou.fr\/wp-content\/uploads\/2024\/09\/tri-bac.jpg\" alt=\"\" srcset=\"https:\/\/ville-sous-anjou.fr\/wp-content\/uploads\/2024\/09\/tri-bac.jpg 628w, https:\/\/ville-sous-anjou.fr\/wp-content\/uploads\/2024\/09\/tri-bac-298x300.jpg 298w, https:\/\/ville-sous-anjou.fr\/wp-content\/uploads\/2024\/09\/tri-bac-150x150.jpg 150w\" sizes=\"auto, (max-width: 300px) 100vw, 300px\" \/><\/p>\n\n\n\n<p><strong>Pour vous aider \u00e0 faire le tri , consulter le \u00ab&nbsp;<a href=\"http:\/\/ville-sous-anjou.fr\/wp-content\/uploads\/2024\/09\/Memo-du-tri-EBER.pdf\" target=\"_blank\" rel=\"noreferrer noopener\">M\u00e9mo du tri&nbsp;<\/a>\u00bb \u00e0 t\u00e9l\u00e9charger dans cette rubrique.<\/strong><\/p>\n\n\n\n<p><strong>Depuis le 1<sup>er<\/sup> septembre 2024, le bac d\u2019ordures m\u00e9nag\u00e8res ( bac vert) est collect\u00e9 1 semaine sur 2, sauf en p\u00e9riode estivale.<\/strong><\/p>\n\n\n\n<p>&nbsp;&nbsp;&nbsp;&nbsp;&nbsp;&nbsp;&nbsp;&nbsp;&nbsp;&nbsp;&nbsp;&nbsp;&nbsp;&nbsp;&nbsp;&nbsp;&nbsp;&nbsp;&nbsp;&nbsp;&nbsp;&nbsp;&nbsp;&nbsp; &nbsp;&nbsp;&nbsp;&nbsp;&nbsp;&nbsp;&nbsp;&nbsp;&nbsp;&nbsp;&nbsp;&nbsp;&nbsp;&nbsp;&nbsp;&nbsp;&nbsp;&nbsp;&nbsp;&nbsp;&nbsp;&nbsp;&nbsp;&nbsp;&nbsp;&nbsp;&nbsp;&nbsp;A Ville-sous-Anjou<\/p>\n\n\n\n<p>Collecte du bac jaune ( tri s\u00e9lectif)&nbsp;: lundi en semaine impaire<\/p>\n\n\n\n<p>Collecte du bac vert ( ordures m\u00e9nag\u00e8res)&nbsp;: mercredi en semaine impaire<\/p>\n\n\n\n<p>Les d\u00e9chets m\u00e9nagers sont collect\u00e9s les jours f\u00e9ri\u00e9s sauf le 1<sup>er<\/sup> janvier, le 1<sup>er<\/sup> mai et le 25 d\u00e9cembre&nbsp;;<\/p>\n\n\n\n<p>Les bacs doivent \u00eatre sortis la veille au soir et rentr\u00e9s apr\u00e8s la collecte.<\/p>\n\n\n\n<p><strong>Contact<\/strong><\/p>\n\n\n\n<p><strong>Ambassadeur du tri EBER<\/strong><br><a href=\"mailto:ambassadeur@entre-bievreetrhone.fr\">ambassadeur@entre-bievreetrhone.fr<\/a><br>&nbsp;&nbsp;T\u00e9l&nbsp;: 04 74 29 31 15<br>9 rue du 19 Mars 1962, 38556 Saint-Maurice-l&rsquo;Exil<\/p>\n","protected":false},"excerpt":{"rendered":"<p>Chaque foyer est dot\u00e9 de deux conteneurs : Tous les d\u00e9chets m\u00e9nagers ne vont pas dans la bac vert ou le bac jaune&nbsp;! Certains iront dans des conteneurs en points d\u2019apport volontaire ( verre, textile), d\u2019autres iront en d\u00e9ch\u00e8terie ( d\u00e9chets verts, encombrants, gravats\u2026), &nbsp;enfin le compostage sert \u00e0 r\u00e9duire [&hellip;]<\/p>\n","protected":false},"author":1,"featured_media":3159,"parent":0,"menu_order":0,"comment_status":"closed","ping_status":"closed","template":"","meta":{"_exactmetrics_skip_tracking":false,"_exactmetrics_sitenote_active":false,"_exactmetrics_sitenote_note":"","_exactmetrics_sitenote_category":0,"footnotes":""},"class_list":["post-131","page","type-page","status-publish","has-post-thumbnail","hentry"],"_links":{"self":[{"href":"https:\/\/ville-sous-anjou.fr\/index.php?rest_route=\/wp\/v2\/pages\/131","targetHints":{"allow":["GET"]}}],"collection":[{"href":"https:\/\/ville-sous-anjou.fr\/index.php?rest_route=\/wp\/v2\/pages"}],"about":[{"href":"https:\/\/ville-sous-anjou.fr\/index.php?rest_route=\/wp\/v2\/types\/page"}],"author":[{"embeddable":true,"href":"https:\/\/ville-sous-anjou.fr\/index.php?rest_route=\/wp\/v2\/users\/1"}],"replies":[{"embeddable":true,"href":"https:\/\/ville-sous-anjou.fr\/index.php?rest_route=%2Fwp%2Fv2%2Fcomments&post=131"}],"version-history":[{"count":5,"href":"https:\/\/ville-sous-anjou.fr\/index.php?rest_route=\/wp\/v2\/pages\/131\/revisions"}],"predecessor-version":[{"id":3165,"href":"https:\/\/ville-sous-anjou.fr\/index.php?rest_route=\/wp\/v2\/pages\/131\/revisions\/3165"}],"wp:featuredmedia":[{"embeddable":true,"href":"https:\/\/ville-sous-anjou.fr\/index.php?rest_route=\/wp\/v2\/media\/3159"}],"wp:attachment":[{"href":"https:\/\/ville-sous-anjou.fr\/index.php?rest_route=%2Fwp%2Fv2%2Fmedia&parent=131"}],"curies":[{"name":"wp","href":"https:\/\/api.w.org\/{rel}","templated":true}]}}