{"id":137,"date":"2014-09-02T14:37:04","date_gmt":"2014-09-02T13:37:04","guid":{"rendered":"http:\/\/vsatest.wpweb.fr\/?page_id=137"},"modified":"2017-07-18T06:44:13","modified_gmt":"2017-07-18T06:44:13","slug":"le-cabinet-dinfirmieres","status":"publish","type":"page","link":"https:\/\/ville-sous-anjou.fr\/?page_id=137","title":{"rendered":"Le cabinet d&rsquo;infirmi\u00e8res"},"content":{"rendered":"<p>Le cabinet d\u2019infirmi\u00e8res d\u2019Assieu a ouvert un cabinet secondaire <strong>Place de la mairie, salle annexe \u00e0 la salle de Terrebasse<\/strong>\u00a0dans des locaux mis \u00e0 disposition par la commune.<\/p>\n<p><strong>Il est ouvert les lundis, mercredis et vendredis de 7h30 \u00e0 8h15.<\/strong><\/p>\n<p>Vous pouvez \u00e9galement joindre les infirmi\u00e8res au <strong>06 80 32 35 04.<\/strong><\/p>\n<p><img loading=\"lazy\" decoding=\"async\" class=\"alignnone size-large wp-image-1698\" src=\"http:\/\/ville-sous-anjou.fr\/wp-content\/uploads\/2017\/07\/cabinet-infirmi\u00e8res-1024x813.jpg\" alt=\"\" width=\"800\" height=\"635\" srcset=\"https:\/\/ville-sous-anjou.fr\/wp-content\/uploads\/2017\/07\/cabinet-infirmi\u00e8res-1024x813.jpg 1024w, https:\/\/ville-sous-anjou.fr\/wp-content\/uploads\/2017\/07\/cabinet-infirmi\u00e8res-300x238.jpg 300w, https:\/\/ville-sous-anjou.fr\/wp-content\/uploads\/2017\/07\/cabinet-infirmi\u00e8res-768x609.jpg 768w\" sizes=\"auto, (max-width: 800px) 100vw, 800px\" \/><\/p>\n","protected":false},"excerpt":{"rendered":"<p>Le cabinet d\u2019infirmi\u00e8res d\u2019Assieu a ouvert un cabinet secondaire Place de la mairie, salle annexe \u00e0 la salle de Terrebasse\u00a0dans des locaux mis \u00e0 disposition par la commune. Il est ouvert les lundis, mercredis et vendredis de 7h30 \u00e0 8h15. Vous pouvez \u00e9galement joindre les infirmi\u00e8res au 06 80 32 [&hellip;]<\/p>\n","protected":false},"author":1,"featured_media":0,"parent":0,"menu_order":0,"comment_status":"closed","ping_status":"closed","template":"","meta":{"_exactmetrics_skip_tracking":false,"_exactmetrics_sitenote_active":false,"_exactmetrics_sitenote_note":"","_exactmetrics_sitenote_category":0,"footnotes":""},"class_list":["post-137","page","type-page","status-publish","hentry"],"_links":{"self":[{"href":"https:\/\/ville-sous-anjou.fr\/index.php?rest_route=\/wp\/v2\/pages\/137","targetHints":{"allow":["GET"]}}],"collection":[{"href":"https:\/\/ville-sous-anjou.fr\/index.php?rest_route=\/wp\/v2\/pages"}],"about":[{"href":"https:\/\/ville-sous-anjou.fr\/index.php?rest_route=\/wp\/v2\/types\/page"}],"author":[{"embeddable":true,"href":"https:\/\/ville-sous-anjou.fr\/index.php?rest_route=\/wp\/v2\/users\/1"}],"replies":[{"embeddable":true,"href":"https:\/\/ville-sous-anjou.fr\/index.php?rest_route=%2Fwp%2Fv2%2Fcomments&post=137"}],"version-history":[{"count":4,"href":"https:\/\/ville-sous-anjou.fr\/index.php?rest_route=\/wp\/v2\/pages\/137\/revisions"}],"predecessor-version":[{"id":1699,"href":"https:\/\/ville-sous-anjou.fr\/index.php?rest_route=\/wp\/v2\/pages\/137\/revisions\/1699"}],"wp:attachment":[{"href":"https:\/\/ville-sous-anjou.fr\/index.php?rest_route=%2Fwp%2Fv2%2Fmedia&parent=137"}],"curies":[{"name":"wp","href":"https:\/\/api.w.org\/{rel}","templated":true}]}}