{"id":1371,"date":"2016-09-19T13:03:25","date_gmt":"2016-09-19T13:03:25","guid":{"rendered":"http:\/\/ville-sous-anjou.fr\/?page_id=1371"},"modified":"2018-09-06T09:42:20","modified_gmt":"2018-09-06T09:42:20","slug":"portail-famille","status":"publish","type":"page","link":"https:\/\/ville-sous-anjou.fr\/?page_id=1371","title":{"rendered":"Portail Famille"},"content":{"rendered":"<p align=\"center\"><span style=\"font-size: 16px;\">Afin d&rsquo;acc\u00e9der \u00e0 notre service, veuillez vous identifier.<\/span><\/p>\n<p>&nbsp;<\/p>\n<form action=\"https:\/\/harmonie.ecolesoft.net\/portail\/login.jsp\" method=\"post\" name=\"form4\">\n<table id=\"table21\" border=\"0\" width=\"100%\" cellspacing=\"0\" bgcolor=\"#a81d84\">\n<tbody>\n<tr>\n<td align=\"center\" valign=\"center\" bgcolor=\"#a81d84\"><label for=\"login\">Identifiant<\/label><\/td>\n<td><input id=\"login_name\" maxlength=\"80\" name=\"login\" size=\"15\" type=\"text\" align=\"middle\" \/><\/td>\n<\/tr>\n<tr>\n<td align=\"center\" valign=\"center\" bgcolor=\"#a81d84\"><label for=\"pwd\">Mot de passe<\/label><\/td>\n<td><input id=\"pwd\" name=\"pwd\" size=\"15\" type=\"password\" \/><\/td>\n<\/tr>\n<\/tbody>\n<\/table>\n<p><center><br \/>\n<input type=\"submit\" value=\"Connexion\" \/><\/center><\/p>\n<p style=\"text-align: center;\"><a href=\"https:\/\/harmonie.ecolesoft.net\/portail\/mdpoublie.jsp\"> Mot de passe oubli\u00e9 ?<\/a><\/p>\n<p style=\"text-align: center;\"><em>\u00a0 \u00a0Acc\u00e8s \u00e0 la Solution e.enfance, le navigateur Mozilla Firefox est pr\u00e9conis\u00e9 pour utiliser l\u2019application e.enfance.<br \/>\n<\/em><\/p>\n<p style=\"text-align: center;\"><em>Si celui-ci n\u2019est pas pr\u00e9sent sur l&rsquo;ordinateur : <\/em><\/p>\n<p style=\"text-align: center;\"><em>T\u00e9l\u00e9charger le navigateur \u00e0 partir du site\u00a0: <a href=\"http:\/\/www.mozilla.org\/fr\/firefox\/new\" target=\"_blank\" rel=\"noopener\">http:\/\/www.mozilla.org\/fr\/firefox\/new<\/a><\/em><\/p>\n<\/form>\n","protected":false},"excerpt":{"rendered":"<p>Afin d&rsquo;acc\u00e9der \u00e0 notre service, veuillez vous identifier. &nbsp; Identifiant Mot de passe Mot de passe oubli\u00e9 ? \u00a0 \u00a0Acc\u00e8s \u00e0 la Solution e.enfance, le navigateur Mozilla Firefox est pr\u00e9conis\u00e9 pour utiliser l\u2019application e.enfance. Si celui-ci n\u2019est pas pr\u00e9sent sur l&rsquo;ordinateur : T\u00e9l\u00e9charger le navigateur \u00e0 partir du site\u00a0: http:\/\/www.mozilla.org\/fr\/firefox\/new<\/p>\n","protected":false},"author":1,"featured_media":0,"parent":0,"menu_order":0,"comment_status":"closed","ping_status":"closed","template":"","meta":{"_exactmetrics_skip_tracking":false,"_exactmetrics_sitenote_active":false,"_exactmetrics_sitenote_note":"","_exactmetrics_sitenote_category":0,"footnotes":""},"class_list":["post-1371","page","type-page","status-publish","hentry"],"_links":{"self":[{"href":"https:\/\/ville-sous-anjou.fr\/index.php?rest_route=\/wp\/v2\/pages\/1371","targetHints":{"allow":["GET"]}}],"collection":[{"href":"https:\/\/ville-sous-anjou.fr\/index.php?rest_route=\/wp\/v2\/pages"}],"about":[{"href":"https:\/\/ville-sous-anjou.fr\/index.php?rest_route=\/wp\/v2\/types\/page"}],"author":[{"embeddable":true,"href":"https:\/\/ville-sous-anjou.fr\/index.php?rest_route=\/wp\/v2\/users\/1"}],"replies":[{"embeddable":true,"href":"https:\/\/ville-sous-anjou.fr\/index.php?rest_route=%2Fwp%2Fv2%2Fcomments&post=1371"}],"version-history":[{"count":34,"href":"https:\/\/ville-sous-anjou.fr\/index.php?rest_route=\/wp\/v2\/pages\/1371\/revisions"}],"predecessor-version":[{"id":1997,"href":"https:\/\/ville-sous-anjou.fr\/index.php?rest_route=\/wp\/v2\/pages\/1371\/revisions\/1997"}],"wp:attachment":[{"href":"https:\/\/ville-sous-anjou.fr\/index.php?rest_route=%2Fwp%2Fv2%2Fmedia&parent=1371"}],"curies":[{"name":"wp","href":"https:\/\/api.w.org\/{rel}","templated":true}]}}