{"id":139,"date":"2014-09-02T14:37:16","date_gmt":"2014-09-02T13:37:16","guid":{"rendered":"http:\/\/vsatest.wpweb.fr\/?page_id=139"},"modified":"2014-09-02T14:37:16","modified_gmt":"2014-09-02T13:37:16","slug":"les-artisans","status":"publish","type":"page","link":"https:\/\/ville-sous-anjou.fr\/?page_id=139","title":{"rendered":"Les artisans et les entreprises"},"content":{"rendered":"<p><strong>Si vous souhaitez \u00eatre r\u00e9f\u00e9renc\u00e9 sur cette page, merci de prendre contact avec la mairie.<\/strong><\/p>\n","protected":false},"excerpt":{"rendered":"<p>Si vous souhaitez \u00eatre r\u00e9f\u00e9renc\u00e9 sur cette page, merci de prendre contact avec la mairie.<\/p>\n","protected":false},"author":1,"featured_media":0,"parent":0,"menu_order":0,"comment_status":"closed","ping_status":"closed","template":"","meta":{"_exactmetrics_skip_tracking":false,"_exactmetrics_sitenote_active":false,"_exactmetrics_sitenote_note":"","_exactmetrics_sitenote_category":0,"footnotes":""},"class_list":["post-139","page","type-page","status-publish","hentry"],"_links":{"self":[{"href":"https:\/\/ville-sous-anjou.fr\/index.php?rest_route=\/wp\/v2\/pages\/139","targetHints":{"allow":["GET"]}}],"collection":[{"href":"https:\/\/ville-sous-anjou.fr\/index.php?rest_route=\/wp\/v2\/pages"}],"about":[{"href":"https:\/\/ville-sous-anjou.fr\/index.php?rest_route=\/wp\/v2\/types\/page"}],"author":[{"embeddable":true,"href":"https:\/\/ville-sous-anjou.fr\/index.php?rest_route=\/wp\/v2\/users\/1"}],"replies":[{"embeddable":true,"href":"https:\/\/ville-sous-anjou.fr\/index.php?rest_route=%2Fwp%2Fv2%2Fcomments&post=139"}],"version-history":[{"count":0,"href":"https:\/\/ville-sous-anjou.fr\/index.php?rest_route=\/wp\/v2\/pages\/139\/revisions"}],"wp:attachment":[{"href":"https:\/\/ville-sous-anjou.fr\/index.php?rest_route=%2Fwp%2Fv2%2Fmedia&parent=139"}],"curies":[{"name":"wp","href":"https:\/\/api.w.org\/{rel}","templated":true}]}}