{"id":147,"date":"2014-09-02T14:38:19","date_gmt":"2014-09-02T13:38:19","guid":{"rendered":"http:\/\/vsatest.wpweb.fr\/?page_id=147"},"modified":"2015-01-15T06:50:36","modified_gmt":"2015-01-15T06:50:36","slug":"residence-services","status":"publish","type":"page","link":"https:\/\/ville-sous-anjou.fr\/?page_id=147","title":{"rendered":"R\u00e9sidence services"},"content":{"rendered":"<p style=\"text-align: center; font-size: 16px;\"><strong>La 1<sup>\u00e8re<\/sup> r\u00e9sidence services en Is\u00e8re \u2026<\/strong><\/p>\n<p>&nbsp;<\/p>\n<p><a href=\"http:\/\/ville-sous-anjou.fr\/wp-content\/uploads\/2014\/11\/champerin.jpg\"><img loading=\"lazy\" decoding=\"async\" class=\"alignleft size-medium wp-image-325\" src=\"http:\/\/ville-sous-anjou.fr\/wp-content\/uploads\/2014\/11\/champerin-300x205.jpg\" alt=\"champerin\" width=\"300\" height=\"205\" srcset=\"https:\/\/ville-sous-anjou.fr\/wp-content\/uploads\/2014\/11\/champerin-300x205.jpg 300w, https:\/\/ville-sous-anjou.fr\/wp-content\/uploads\/2014\/11\/champerin.jpg 686w\" sizes=\"auto, (max-width: 300px) 100vw, 300px\" \/><\/a>La r\u00e9sidence Services Champ\u00e9rin, situ\u00e9e au pied du village de Ville-sous-Anjou, dans la zone de Champ\u00e9rin (proximit\u00e9 de l\u2019\u00e9cole et la biblioth\u00e8que), a ouvert ses portes d\u00e9but d\u2019ann\u00e9e 2009.<\/p>\n<p><strong>Cette structure priv\u00e9e<\/strong> s\u2019adresse plus particuli\u00e8rement aux personnes s\u00e9niors recherchant <strong>qui\u00e9tude, confort et projet de vie<\/strong> mais peut tout \u00e0 fait convenir \u00e0 tous ceux qui, pour des raisons diverses et vari\u00e9es, voient un int\u00e9r\u00eat dans ce nouveau mode d\u2019h\u00e9bergement\u00a0: mutation professionnelle d\u2019un salari\u00e9, suite de convalescence, perte d\u2019un conjoint, difficult\u00e9s d\u2019entretien de la r\u00e9sidence principale\u00a0.<\/p>\n<p><strong>\u00a040 T1<\/strong> d\u2019environ 28 m\u00b2 et <strong>16 T2<\/strong> d\u2019environ 38 m\u00b2 au sein de <strong>trois b\u00e2timents en R+1<\/strong> uniquement, permettent d\u2019accueillir <strong>personnes seules ou couples<\/strong> dans un environnement architectural de qualit\u00e9. Tous les appartements sont dot\u00e9s soit d\u2019un <strong>jardinet privatif<\/strong> pour les rez-de-chauss\u00e9e, soit d\u2019un <strong>balcon privatif<\/strong> (pour les 1ers \u00e9tages) ainsi que d\u2019un <strong>parking<\/strong> dans <strong>l\u2019enceinte ferm\u00e9e et paysag\u00e9e<\/strong> de la r\u00e9sidence.<\/p>\n<p>Meubl\u00e9s avec soin tout en pouvant \u00eatre personnalis\u00e9s et enti\u00e8rement <strong>\u00e9quip\u00e9s<\/strong> (kitchenette, vaisselle, meuble de salle de bain et douche \u00e0 l\u2019italienne, table et chaises, fauteuil et table basse, lit, commode et table de chevet), ces appartements se veulent conviviaux.<\/p>\n<p><strong>l\u2019Association Champ\u00e9rin (Loi 1901 \u00e0 but non lucratif) <\/strong> g\u00e8re cette r\u00e9sidence, elle permet de pallier<\/p>\n<p>au maximum la perte d\u2019autonomie des locataires (infirmi\u00e8res, aides soignantes, aides m\u00e9nag\u00e8res, auxiliaires de vie, \u2026) mais cette r\u00e9sidence n\u2019a pas pour vertu d\u2019\u00eatre une maison de retraite.<\/p>\n<p>Plus qu\u2019un simple lieu de vie, la r\u00e9sidence est une formidable passerelle conjuguant <strong>ind\u00e9pendance<\/strong> (intimit\u00e9 des appartements privatifs) et <strong>vie sociale<\/strong> au travers des activit\u00e9s organis\u00e9es dans les parties communes ou \u00e0 l\u2019ext\u00e9rieur. En effet<strong>,<\/strong> l\u2019association a pour mission d\u2019animer et de mettre en place des services aux locataires.<\/p>\n<p>&nbsp;<\/p>\n<p>Association Champ\u00e9rin<\/p>\n<p>5 route des Combes<\/p>\n<p>38150 Ville-sous-Anjou<\/p>\n<p>T\u00e9l 04 74 48 35 30<\/p>\n<p><a href=\"http:\/\/www.champerin.fr\">www.champerin.fr<\/a><\/p>\n<p>&nbsp;<\/p>\n<p>&nbsp;<\/p>\n","protected":false},"excerpt":{"rendered":"<p>La 1\u00e8re r\u00e9sidence services en Is\u00e8re \u2026 &nbsp; La r\u00e9sidence Services Champ\u00e9rin, situ\u00e9e au pied du village de Ville-sous-Anjou, dans la zone de Champ\u00e9rin (proximit\u00e9 de l\u2019\u00e9cole et la biblioth\u00e8que), a ouvert ses portes d\u00e9but d\u2019ann\u00e9e 2009. Cette structure priv\u00e9e s\u2019adresse plus particuli\u00e8rement aux personnes s\u00e9niors recherchant qui\u00e9tude, confort et [&hellip;]<\/p>\n","protected":false},"author":1,"featured_media":0,"parent":0,"menu_order":0,"comment_status":"closed","ping_status":"closed","template":"","meta":{"_exactmetrics_skip_tracking":false,"_exactmetrics_sitenote_active":false,"_exactmetrics_sitenote_note":"","_exactmetrics_sitenote_category":0,"footnotes":""},"class_list":["post-147","page","type-page","status-publish","hentry"],"_links":{"self":[{"href":"https:\/\/ville-sous-anjou.fr\/index.php?rest_route=\/wp\/v2\/pages\/147","targetHints":{"allow":["GET"]}}],"collection":[{"href":"https:\/\/ville-sous-anjou.fr\/index.php?rest_route=\/wp\/v2\/pages"}],"about":[{"href":"https:\/\/ville-sous-anjou.fr\/index.php?rest_route=\/wp\/v2\/types\/page"}],"author":[{"embeddable":true,"href":"https:\/\/ville-sous-anjou.fr\/index.php?rest_route=\/wp\/v2\/users\/1"}],"replies":[{"embeddable":true,"href":"https:\/\/ville-sous-anjou.fr\/index.php?rest_route=%2Fwp%2Fv2%2Fcomments&post=147"}],"version-history":[{"count":4,"href":"https:\/\/ville-sous-anjou.fr\/index.php?rest_route=\/wp\/v2\/pages\/147\/revisions"}],"predecessor-version":[{"id":746,"href":"https:\/\/ville-sous-anjou.fr\/index.php?rest_route=\/wp\/v2\/pages\/147\/revisions\/746"}],"wp:attachment":[{"href":"https:\/\/ville-sous-anjou.fr\/index.php?rest_route=%2Fwp%2Fv2%2Fmedia&parent=147"}],"curies":[{"name":"wp","href":"https:\/\/api.w.org\/{rel}","templated":true}]}}