{"id":15,"date":"2014-07-16T16:15:50","date_gmt":"2014-07-16T15:15:50","guid":{"rendered":"http:\/\/vsatest.wpweb.fr\/?page_id=15"},"modified":"2014-07-16T16:15:50","modified_gmt":"2014-07-16T15:15:50","slug":"presentation","status":"publish","type":"page","link":"https:\/\/ville-sous-anjou.fr\/?page_id=15","title":{"rendered":"Pr\u00e9sentation"},"content":{"rendered":"<p style=\"text-align: justify\"><a href=\"http:\/\/ville-sous-anjou.fr\/wp-content\/uploads\/2014\/07\/ville-sous-anjou-logo_1322.jpg\"><img loading=\"lazy\" decoding=\"async\" class=\"alignleft size-thumbnail wp-image-255\" src=\"http:\/\/ville-sous-anjou.fr\/wp-content\/uploads\/2014\/07\/ville-sous-anjou-logo_1322-150x150.jpg\" alt=\"ville-sous-anjou-logo_1322\" width=\"150\" height=\"150\" \/><\/a><strong>La Situation<\/strong><\/p>\n<p style=\"text-align: justify\">Situ\u00e9e dans la r\u00e9gion Rh\u00f4ne-Alpes, Ville sous Anjou, l&rsquo;une des 533 communes de l&rsquo;Is\u00e8re, \u00e0 20 km au sud-est de Vienne, au pied du Mont Pilat, sur la rive gauche du Rh\u00f4ne, mais \u00e0 l&rsquo;\u00e9cart des pollutions industrielles de cette vall\u00e9e, s&rsquo;\u00e9tend sur plus de 1825 hectares.<br \/>\nLa commune fait partie du Canton de Roussillon et de la Communaut\u00e9 de Communes du Pays Roussillonnais.<\/p>\n<p style=\"text-align: justify\"><strong>La population<\/strong><\/p>\n<p style=\"text-align: justify\">Les Terrebassaires (habitants de Ville sous Anjou) tiennent leur nom des Seigneurs de Terrebasse, propri\u00e9taires au 18\u00e9me si\u00e8cle du ch\u00e2teau sis au pied du village. C&rsquo;est dans les diff\u00e9rents hameaux, parfois \u00e9loign\u00e9s du bourg (Grange-Neuve, Les Eynauds, le Lac, &#8230;) que la population actuelle s&rsquo;est \u00e9tablie au fil des ans. Au dernier recensement de 2011, la population atteignait 1 184 habitants.<\/p>\n<p><strong>Curiosit\u00e9s<\/strong><\/p>\n<ul>\n<li>Au pied du village, le Ch\u00e2teau de Terrebasse, que la famille De Varax, propri\u00e9taire des lieux, fait vivre.<\/li>\n<li>Au hameau de Ville, La Vieille Chapelle du XVe si\u00e8cle, joyau de l&rsquo;art gothique flamboyant, class\u00e9e monument historique.<\/li>\n<li>Au sommet de la Feytaz, sur un terrain offert par Emile Romanet, le p\u00e8re fondateur des allocations familiales, se dresse La Madone qui veille sur le canton depuis 1912, (vue admirable sur la vall\u00e9e du Rh\u00f4ne).<\/li>\n<li>A la Mairie, une vitrine arch\u00e9ologique o\u00f9 sont expos\u00e9s des vases fun\u00e9raires ou \u00ab p\u00e9gaux \u00bb des XIIe et XIIIe si\u00e8cles, d\u00e9couverts lors de creusements de caveaux dans la Vieille Chapelle. Une monnaie romaine et un jeton du XVIIIe si\u00e8cle sont \u00e9galement visibles dans cette vitrine.<\/li>\n<li>D&rsquo;anciennes carri\u00e8res et grottes sont des lieux de r\u00e9sidence pour de nombreuses chauves-souris.<\/li>\n<li>La Sanne, rivi\u00e8re traversant la commune, est un lieu de vie pour les castors et ragondins.<\/li>\n<li>\u00c1 l&rsquo;Office de tourisme du Pays Roussillonnais, on pourra trouver les cartes des sentiers p\u00e9destres, \u00e9questres et cyclistes, qui sillonnent la commune.<\/li>\n<\/ul>\n<p><strong>L&rsquo;\u00e9conomie et les projets de la commune<\/strong><\/p>\n<p>Ville sous Anjou est une commune \u00e0 forte\u00a0 connotation rurale et familiale. Nous sommes dans le Pays Roussillonnais qui est aujourd&rsquo;hui la premi\u00e8re zone productrice de fruits de l&rsquo;Is\u00e8re et le premier terroir de production de pommes en Rh\u00f4ne-Alpes. Les exploitations agricoles de Ville sous Anjou apportent leur contribution \u00e0 la production fruiti\u00e8re de ce territoire avec essentiellement des pommes, fraises, framboises et tomates. Cependant la majorit\u00e9 des surfaces cultiv\u00e9es est en c\u00e9r\u00e9ales.<br \/>\nSeules quelques petites entreprises (travaux agricoles, artisanat) ont leur si\u00e8ge social \u00e0 Ville sous Anjou.<br \/>\nL&rsquo;\u00e9picerie et son point\u00a0 poste dynamisent la place de la Mairie.<br \/>\nLes principales d\u00e9penses de la commune sont concentr\u00e9es sur l&rsquo;entretien du patrimoine communal (routes, b\u00e2timents, \u00e9coles, &#8230;) sur l&rsquo;am\u00e9lioration du cadre de vie et le respect de l&rsquo;environnement.<\/p>\n<p><a href=\"http:\/\/ville-sous-anjou.fr\/wp-content\/uploads\/2014\/12\/plan_de_la_commune.pdf\" target=\"_blank\"><strong>T\u00e9l\u00e9chargez ici un plan de notre commune.<\/strong><\/a><\/p>\n","protected":false},"excerpt":{"rendered":"<p>La Situation Situ\u00e9e dans la r\u00e9gion Rh\u00f4ne-Alpes, Ville sous Anjou, l&rsquo;une des 533 communes de l&rsquo;Is\u00e8re, \u00e0 20 km au sud-est de Vienne, au pied du Mont Pilat, sur la rive gauche du Rh\u00f4ne, mais \u00e0 l&rsquo;\u00e9cart des pollutions industrielles de cette vall\u00e9e, s&rsquo;\u00e9tend sur plus de 1825 hectares. La [&hellip;]<\/p>\n","protected":false},"author":1,"featured_media":0,"parent":0,"menu_order":0,"comment_status":"closed","ping_status":"closed","template":"","meta":{"_exactmetrics_skip_tracking":false,"_exactmetrics_sitenote_active":false,"_exactmetrics_sitenote_note":"","_exactmetrics_sitenote_category":0,"footnotes":""},"class_list":["post-15","page","type-page","status-publish","hentry"],"_links":{"self":[{"href":"https:\/\/ville-sous-anjou.fr\/index.php?rest_route=\/wp\/v2\/pages\/15","targetHints":{"allow":["GET"]}}],"collection":[{"href":"https:\/\/ville-sous-anjou.fr\/index.php?rest_route=\/wp\/v2\/pages"}],"about":[{"href":"https:\/\/ville-sous-anjou.fr\/index.php?rest_route=\/wp\/v2\/types\/page"}],"author":[{"embeddable":true,"href":"https:\/\/ville-sous-anjou.fr\/index.php?rest_route=\/wp\/v2\/users\/1"}],"replies":[{"embeddable":true,"href":"https:\/\/ville-sous-anjou.fr\/index.php?rest_route=%2Fwp%2Fv2%2Fcomments&post=15"}],"version-history":[{"count":0,"href":"https:\/\/ville-sous-anjou.fr\/index.php?rest_route=\/wp\/v2\/pages\/15\/revisions"}],"wp:attachment":[{"href":"https:\/\/ville-sous-anjou.fr\/index.php?rest_route=%2Fwp%2Fv2%2Fmedia&parent=15"}],"curies":[{"name":"wp","href":"https:\/\/api.w.org\/{rel}","templated":true}]}}