{"id":151,"date":"2014-09-02T14:38:52","date_gmt":"2014-09-02T13:38:52","guid":{"rendered":"http:\/\/vsatest.wpweb.fr\/?page_id=151"},"modified":"2014-09-02T14:38:52","modified_gmt":"2014-09-02T13:38:52","slug":"services-utiles","status":"publish","type":"page","link":"https:\/\/ville-sous-anjou.fr\/?page_id=151","title":{"rendered":"Services utiles"},"content":{"rendered":"<p><strong>Pompiers : Appeler le 18<\/strong><\/p>\n<p><strong>Urgence m\u00e9dicale : Appeler le 15 (112 pour les portables)<\/strong><\/p>\n<p><strong>Brigade de Gendarmerie (19 rue Fernand L\u00e9ger, 38550 Roussillon) : 04-74-86-20-17 ou le 17<br \/>\n<\/strong><\/p>\n<p><strong>Conseil m\u00e9dical pour l\u2019Is\u00e8re (de 18h \u00e0 8h) : 0 810 15 33 33<\/strong><\/p>\n<p>&nbsp;<\/p>\n<p>Centre anti poison (Lyon) : 04-72-11-69-11<\/p>\n<p>Violences conjugales : Appeler le 39 19<\/p>\n<p>Allo enfance maltrait\u00e9e : Appeler le 119<\/p>\n<p>Drogue-Alcool-Tabac-Infos service : 0 800 23 13 13<\/p>\n","protected":false},"excerpt":{"rendered":"<p>Pompiers : Appeler le 18 Urgence m\u00e9dicale : Appeler le 15 (112 pour les portables) Brigade de Gendarmerie (19 rue Fernand L\u00e9ger, 38550 Roussillon) : 04-74-86-20-17 ou le 17 Conseil m\u00e9dical pour l\u2019Is\u00e8re (de 18h \u00e0 8h) : 0 810 15 33 33 &nbsp; Centre anti poison (Lyon) : 04-72-11-69-11 [&hellip;]<\/p>\n","protected":false},"author":1,"featured_media":0,"parent":0,"menu_order":0,"comment_status":"closed","ping_status":"closed","template":"","meta":{"_exactmetrics_skip_tracking":false,"_exactmetrics_sitenote_active":false,"_exactmetrics_sitenote_note":"","_exactmetrics_sitenote_category":0,"footnotes":""},"class_list":["post-151","page","type-page","status-publish","hentry"],"_links":{"self":[{"href":"https:\/\/ville-sous-anjou.fr\/index.php?rest_route=\/wp\/v2\/pages\/151","targetHints":{"allow":["GET"]}}],"collection":[{"href":"https:\/\/ville-sous-anjou.fr\/index.php?rest_route=\/wp\/v2\/pages"}],"about":[{"href":"https:\/\/ville-sous-anjou.fr\/index.php?rest_route=\/wp\/v2\/types\/page"}],"author":[{"embeddable":true,"href":"https:\/\/ville-sous-anjou.fr\/index.php?rest_route=\/wp\/v2\/users\/1"}],"replies":[{"embeddable":true,"href":"https:\/\/ville-sous-anjou.fr\/index.php?rest_route=%2Fwp%2Fv2%2Fcomments&post=151"}],"version-history":[{"count":0,"href":"https:\/\/ville-sous-anjou.fr\/index.php?rest_route=\/wp\/v2\/pages\/151\/revisions"}],"wp:attachment":[{"href":"https:\/\/ville-sous-anjou.fr\/index.php?rest_route=%2Fwp%2Fv2%2Fmedia&parent=151"}],"curies":[{"name":"wp","href":"https:\/\/api.w.org\/{rel}","templated":true}]}}