{"id":1579,"date":"2017-02-24T13:54:38","date_gmt":"2017-02-24T13:54:38","guid":{"rendered":"http:\/\/ville-sous-anjou.fr\/?page_id=1579"},"modified":"2017-02-24T13:54:38","modified_gmt":"2017-02-24T13:54:38","slug":"tennis-club-de-la-sanne","status":"publish","type":"page","link":"https:\/\/ville-sous-anjou.fr\/?page_id=1579","title":{"rendered":"Tennis Club de la Sanne"},"content":{"rendered":"<p style=\"text-align: center;\"><strong>Tennis Club de la Sanne<\/strong><\/p>\n<p style=\"text-align: center;\"><strong>\u00a0\u00a0\u00a0\u00a0\u00a0\u00a0\u00a0 N\u00b0 d\u2019affiliation FFT\u00a0:10.38.0150- N\u00b0 d\u2019Agr\u00e9ment Sport DDCS\u00a0: 38 12\u00a0004<\/strong><\/p>\n<p style=\"text-align: center;\"><strong>\u00a0\u00a0\u00a0\u00a0\u00a0 \u00a0Un club Intercommunal et familial ouvert \u00e0 tous\u00a0!<\/strong><\/p>\n<p style=\"text-align: center;\">\u00a0\u00a0\u00a0\u00a0\u00a0\u00a0\u00a0\u00a0\u00a0\u00a0\u00a0\u00a0\u00a0\u00a0\u00a0 \u00a0\u00a0Un seul contact\u00a0: <a href=\"mailto:tclasanne@gmail.com\">tclasanne@gmail.com<\/a><\/p>\n<p><em>\u00a0<\/em><strong>\u00a0\u00a0\u00a0\u00a0\u00a0\u00a0\u00a0\u00a0\u00a0\u00a0\u00a0\u00a0\u00a0\u00a0\u00a0\u00a0\u00a0\u00a0\u00a0\u00a0\u00a0\u00a0 UN COMPLEXE REMIS A NEUF EN MAI 2016<\/strong><\/p>\n<p><strong><u>Infrastructures\u00a0:<\/u><\/strong><\/p>\n<ul>\n<li>3 courts ext\u00e9rieurs en b\u00e9ton poreux<\/li>\n<li>1 local de r\u00e9ception \u00ab\u00a0<em>club house \u00a0Pierre Beaujard<\/em>\u00bb int\u00e9gr\u00e9 au b\u00e2timent du Centre Social.<\/li>\n<\/ul>\n<p><strong><u>Une \u00e9quipe enseignante de qualit\u00e9<\/u><\/strong><strong><u> <img loading=\"lazy\" decoding=\"async\" class=\" wp-image-1581 alignleft\" src=\"http:\/\/ville-sous-anjou.fr\/wp-content\/uploads\/2017\/02\/TScanne1-300x225.jpg\" alt=\"\" width=\"347\" height=\"260\" srcset=\"https:\/\/ville-sous-anjou.fr\/wp-content\/uploads\/2017\/02\/TScanne1-300x225.jpg 300w, https:\/\/ville-sous-anjou.fr\/wp-content\/uploads\/2017\/02\/TScanne1.jpg 633w\" sizes=\"auto, (max-width: 347px) 100vw, 347px\" \/><\/u><\/strong><\/p>\n<ul>\n<li>1une monitrice dipl\u00f4m\u00e9e d\u2019Etat BE1\u00a0:Lise CHALENCON \u00a0Responsable de toute la formation au club.<\/li>\n<li>1 animateur dipl\u00f4m\u00e9 CQPAMT\u00a0: Maxence CHAMPIN<\/li>\n<\/ul>\n<p><strong><u>Des propositions vari\u00e9es et adapt\u00e9es\u00a0:<\/u><\/strong><\/p>\n<ul>\n<li>MINI TENNIS\u00a0: pour les 4\/6 ans, mis en place depuis octobre 2015 avec utilisation de la salle de psychomotricit\u00e9 du centre social. Mat\u00e9riel adapt\u00e9 aux bambins et pr\u00eat possible \u00e0 l\u2019ann\u00e9e.<\/li>\n<\/ul>\n<p>Ce projet a \u00e9t\u00e9 cibl\u00e9 \u00ab\u00a0coup de c\u0153ur\u00a0\u00bb par la commission de d\u00e9veloppement du <strong>Comit\u00e9 Is\u00e8re Tennis<\/strong> et notre section a \u00e9t\u00e9 r\u00e9compens\u00e9e et mise \u00e0 l\u2019honneur lors de l\u2019assembl\u00e9e g\u00e9n\u00e9rale du Comit\u00e9 D\u00e9partemental.<\/p>\n<ul>\n<li>ECOLE DE TENNIS\u00a0: pour les 8\/14 ans,. cours le mercredi apr\u00e8s-midi ou samedi matin.<\/li>\n<li>COURS ADULTES\u00a0: D\u00e9butant\/perfectionnement\/comp\u00e9tition.<\/li>\n<li>DE LA COMPETITION\u00a0: avec 3 \u00e9quipes engag\u00e9es en championnat de l\u2019Is\u00e8re, 1 \u00e0 l\u2019automne et 2 au printemps.<\/li>\n<li>TOURNOI OFFICIEL JEUNES\u00a0: organisation d\u2019une comp\u00e9tition annuelle homologu\u00e9e \u00e0 la FFT regroupant les jeunes licenci\u00e9s de la r\u00e9gion de 9 \u00e0 18 ans.<\/li>\n<li>LA FETE DU TENNIS NATIONALE par le biais de la FFT: organisation en Mai \/juin, 1 journ\u00e9e en p\u00e9riode de Roland Garros, le club ouvre ses portes \u00e0 tous \u00e0 cette occasion et en 2016 ce fut une belle r\u00e9ussite\u00a0! Chacun peut venir d\u00e9couvrir la discipline et b\u00e9n\u00e9ficier d\u2019offres int\u00e9ressantes par le biais des licences <strong><em>\u00ab\u00a0D\u00e9couverte\u00a0\u00bb<\/em><\/strong> pour les adultes ou <strong><em>\u00ab\u00a0P\u00e9riscolaire<\/em><\/strong> \u00ab\u00a0 pour les moins de 15 ans. Un RDV \u00e0 ne pas manquer pour d\u00e9couvrir la vie de notre section.<img loading=\"lazy\" decoding=\"async\" class=\" wp-image-1580 alignleft\" src=\"http:\/\/ville-sous-anjou.fr\/wp-content\/uploads\/2017\/02\/TScanne2-300x204.jpg\" alt=\"\" width=\"396\" height=\"269\" srcset=\"https:\/\/ville-sous-anjou.fr\/wp-content\/uploads\/2017\/02\/TScanne2-300x204.jpg 300w, https:\/\/ville-sous-anjou.fr\/wp-content\/uploads\/2017\/02\/TScanne2.jpg 625w\" sizes=\"auto, (max-width: 396px) 100vw, 396px\" \/><\/li>\n<\/ul>\n<p>&nbsp;<\/p>\n<p>Sylvie PIPARD Pr\u00e9sidente du club<\/p>\n","protected":false},"excerpt":{"rendered":"<p>Tennis Club de la Sanne \u00a0\u00a0\u00a0\u00a0\u00a0\u00a0\u00a0 N\u00b0 d\u2019affiliation FFT\u00a0:10.38.0150- N\u00b0 d\u2019Agr\u00e9ment Sport DDCS\u00a0: 38 12\u00a0004 \u00a0\u00a0\u00a0\u00a0\u00a0 \u00a0Un club Intercommunal et familial ouvert \u00e0 tous\u00a0! \u00a0\u00a0\u00a0\u00a0\u00a0\u00a0\u00a0\u00a0\u00a0\u00a0\u00a0\u00a0\u00a0\u00a0\u00a0 \u00a0\u00a0Un seul contact\u00a0: tclasanne@gmail.com \u00a0\u00a0\u00a0\u00a0\u00a0\u00a0\u00a0\u00a0\u00a0\u00a0\u00a0\u00a0\u00a0\u00a0\u00a0\u00a0\u00a0\u00a0\u00a0\u00a0\u00a0\u00a0\u00a0 UN COMPLEXE REMIS A NEUF EN MAI 2016 Infrastructures\u00a0: 3 courts ext\u00e9rieurs en b\u00e9ton poreux 1 local de r\u00e9ception \u00ab\u00a0club [&hellip;]<\/p>\n","protected":false},"author":1,"featured_media":0,"parent":0,"menu_order":0,"comment_status":"closed","ping_status":"closed","template":"","meta":{"_exactmetrics_skip_tracking":false,"_exactmetrics_sitenote_active":false,"_exactmetrics_sitenote_note":"","_exactmetrics_sitenote_category":0,"footnotes":""},"class_list":["post-1579","page","type-page","status-publish","hentry"],"_links":{"self":[{"href":"https:\/\/ville-sous-anjou.fr\/index.php?rest_route=\/wp\/v2\/pages\/1579","targetHints":{"allow":["GET"]}}],"collection":[{"href":"https:\/\/ville-sous-anjou.fr\/index.php?rest_route=\/wp\/v2\/pages"}],"about":[{"href":"https:\/\/ville-sous-anjou.fr\/index.php?rest_route=\/wp\/v2\/types\/page"}],"author":[{"embeddable":true,"href":"https:\/\/ville-sous-anjou.fr\/index.php?rest_route=\/wp\/v2\/users\/1"}],"replies":[{"embeddable":true,"href":"https:\/\/ville-sous-anjou.fr\/index.php?rest_route=%2Fwp%2Fv2%2Fcomments&post=1579"}],"version-history":[{"count":1,"href":"https:\/\/ville-sous-anjou.fr\/index.php?rest_route=\/wp\/v2\/pages\/1579\/revisions"}],"predecessor-version":[{"id":1582,"href":"https:\/\/ville-sous-anjou.fr\/index.php?rest_route=\/wp\/v2\/pages\/1579\/revisions\/1582"}],"wp:attachment":[{"href":"https:\/\/ville-sous-anjou.fr\/index.php?rest_route=%2Fwp%2Fv2%2Fmedia&parent=1579"}],"curies":[{"name":"wp","href":"https:\/\/api.w.org\/{rel}","templated":true}]}}