{"id":21,"date":"2014-07-16T16:19:45","date_gmt":"2014-07-16T15:19:45","guid":{"rendered":"http:\/\/vsatest.wpweb.fr\/?page_id=21"},"modified":"2026-04-13T08:41:42","modified_gmt":"2026-04-13T08:41:42","slug":"les-conseillers","status":"publish","type":"page","link":"https:\/\/ville-sous-anjou.fr\/?page_id=21","title":{"rendered":"Les \u00e9lus"},"content":{"rendered":"\n\n\n<figure class=\"wp-block-image size-full\"><img loading=\"lazy\" decoding=\"async\" width=\"1021\" height=\"886\" src=\"https:\/\/ville-sous-anjou.fr\/wp-content\/uploads\/2026\/04\/elus-vsa-2026.jpg\" alt=\"\" class=\"wp-image-3409\" srcset=\"https:\/\/ville-sous-anjou.fr\/wp-content\/uploads\/2026\/04\/elus-vsa-2026.jpg 1021w, https:\/\/ville-sous-anjou.fr\/wp-content\/uploads\/2026\/04\/elus-vsa-2026-300x260.jpg 300w, https:\/\/ville-sous-anjou.fr\/wp-content\/uploads\/2026\/04\/elus-vsa-2026-768x666.jpg 768w\" sizes=\"auto, (max-width: 1021px) 100vw, 1021px\" \/><\/figure>\n\n\n\n<p class=\"has-text-align-center\"><strong>Les engagements du Conseil Municipal install\u00e9 le 20 mars 2026<\/strong><\/p>\n\n\n\n<p>Notre force sera notre travail collectif, l&rsquo;\u00e9coute et le respect des sensibilit\u00e9s de chacun. Nous devrons g\u00e9rer avec rigueur, d\u00e9cider avec responsabilit\u00e9 et toujours garder en t\u00eate l&rsquo;int\u00e9r\u00eat g\u00e9n\u00e9ral. Les habitants attendent de nous des r\u00e9sultats et que la commune continue \u00e0 \u00eatre bien men\u00e9e. Nous sommes \u00e9lus pour agir, mais aussi pour dialoguer, expliquer, associer et aller \u00e0 la rencontre des habitants. La porte de la mairie restera ouverte aux habitants. Nous aurons besoin de leur regard, de leurs id\u00e9es, parfois aussi de leur patience. C&rsquo;est ensemble que nous ferons vivre notre commune, dans un esprit de confiance et de responsabilit\u00e9 partag\u00e9e !<\/p>\n","protected":false},"excerpt":{"rendered":"<p>Les engagements du Conseil Municipal install\u00e9 le 20 mars 2026 Notre force sera notre travail collectif, l&rsquo;\u00e9coute et le respect des sensibilit\u00e9s de chacun. Nous devrons g\u00e9rer avec rigueur, d\u00e9cider avec responsabilit\u00e9 et toujours garder en t\u00eate l&rsquo;int\u00e9r\u00eat g\u00e9n\u00e9ral. Les habitants attendent de nous des r\u00e9sultats et que la commune [&hellip;]<\/p>\n","protected":false},"author":1,"featured_media":0,"parent":0,"menu_order":0,"comment_status":"closed","ping_status":"closed","template":"","meta":{"_exactmetrics_skip_tracking":false,"_exactmetrics_sitenote_active":false,"_exactmetrics_sitenote_note":"","_exactmetrics_sitenote_category":0,"footnotes":""},"class_list":["post-21","page","type-page","status-publish","hentry"],"_links":{"self":[{"href":"https:\/\/ville-sous-anjou.fr\/index.php?rest_route=\/wp\/v2\/pages\/21","targetHints":{"allow":["GET"]}}],"collection":[{"href":"https:\/\/ville-sous-anjou.fr\/index.php?rest_route=\/wp\/v2\/pages"}],"about":[{"href":"https:\/\/ville-sous-anjou.fr\/index.php?rest_route=\/wp\/v2\/types\/page"}],"author":[{"embeddable":true,"href":"https:\/\/ville-sous-anjou.fr\/index.php?rest_route=\/wp\/v2\/users\/1"}],"replies":[{"embeddable":true,"href":"https:\/\/ville-sous-anjou.fr\/index.php?rest_route=%2Fwp%2Fv2%2Fcomments&post=21"}],"version-history":[{"count":7,"href":"https:\/\/ville-sous-anjou.fr\/index.php?rest_route=\/wp\/v2\/pages\/21\/revisions"}],"predecessor-version":[{"id":3412,"href":"https:\/\/ville-sous-anjou.fr\/index.php?rest_route=\/wp\/v2\/pages\/21\/revisions\/3412"}],"wp:attachment":[{"href":"https:\/\/ville-sous-anjou.fr\/index.php?rest_route=%2Fwp%2Fv2%2Fmedia&parent=21"}],"curies":[{"name":"wp","href":"https:\/\/api.w.org\/{rel}","templated":true}]}}