{"id":24,"date":"2014-07-16T16:22:56","date_gmt":"2014-07-16T15:22:56","guid":{"rendered":"http:\/\/vsatest.wpweb.fr\/?page_id=24"},"modified":"2020-12-03T10:53:16","modified_gmt":"2020-12-03T10:53:16","slug":"les-commissions","status":"publish","type":"page","link":"https:\/\/ville-sous-anjou.fr\/?page_id=24","title":{"rendered":"Les membres des commissions et syndicats"},"content":{"rendered":"<p><\/p>\n<ul>\n<li><a href=\"http:\/\/ville-sous-anjou.fr\/wp-content\/uploads\/2020\/12\/COMMISSIONS-COMMUNALES.pdf\" target=\"_blank\" rel=\"noopener noreferrer\">Les commissions communales<\/a><\/li>\n<li><a href=\"http:\/\/ville-sous-anjou.fr\/wp-content\/uploads\/2020\/12\/DELEGATIONS-AUX-SYNDICATS.pdf\" target=\"_blank\" rel=\"noopener noreferrer\">Les d\u00e9l\u00e9gu\u00e9s aux syndicats<\/a><\/li>\n<li><a href=\"http:\/\/ville-sous-anjou.fr\/wp-content\/uploads\/2020\/12\/COMMISSIONS-CC-EBER.pdf\" target=\"_blank\" rel=\"noopener noreferrer\">Les commissions de la Communaut\u00e9 de Communes Entre Bi\u00e8vre et Rh\u00f4ne<\/a><\/li>\n<\/ul>\n\n\n<p><\/p>\n","protected":false},"excerpt":{"rendered":"<p>Les commissions communales Les d\u00e9l\u00e9gu\u00e9s aux syndicats Les commissions de la Communaut\u00e9 de Communes Entre Bi\u00e8vre et Rh\u00f4ne<\/p>\n","protected":false},"author":1,"featured_media":0,"parent":0,"menu_order":0,"comment_status":"closed","ping_status":"closed","template":"","meta":{"_exactmetrics_skip_tracking":false,"_exactmetrics_sitenote_active":false,"_exactmetrics_sitenote_note":"","_exactmetrics_sitenote_category":0,"footnotes":""},"class_list":["post-24","page","type-page","status-publish","hentry"],"_links":{"self":[{"href":"https:\/\/ville-sous-anjou.fr\/index.php?rest_route=\/wp\/v2\/pages\/24","targetHints":{"allow":["GET"]}}],"collection":[{"href":"https:\/\/ville-sous-anjou.fr\/index.php?rest_route=\/wp\/v2\/pages"}],"about":[{"href":"https:\/\/ville-sous-anjou.fr\/index.php?rest_route=\/wp\/v2\/types\/page"}],"author":[{"embeddable":true,"href":"https:\/\/ville-sous-anjou.fr\/index.php?rest_route=\/wp\/v2\/users\/1"}],"replies":[{"embeddable":true,"href":"https:\/\/ville-sous-anjou.fr\/index.php?rest_route=%2Fwp%2Fv2%2Fcomments&post=24"}],"version-history":[{"count":18,"href":"https:\/\/ville-sous-anjou.fr\/index.php?rest_route=\/wp\/v2\/pages\/24\/revisions"}],"predecessor-version":[{"id":2436,"href":"https:\/\/ville-sous-anjou.fr\/index.php?rest_route=\/wp\/v2\/pages\/24\/revisions\/2436"}],"wp:attachment":[{"href":"https:\/\/ville-sous-anjou.fr\/index.php?rest_route=%2Fwp%2Fv2%2Fmedia&parent=24"}],"curies":[{"name":"wp","href":"https:\/\/api.w.org\/{rel}","templated":true}]}}