{"id":2657,"date":"2022-02-01T07:08:35","date_gmt":"2022-02-01T07:08:35","guid":{"rendered":"https:\/\/ville-sous-anjou.fr\/?page_id=2657"},"modified":"2022-02-01T07:08:36","modified_gmt":"2022-02-01T07:08:36","slug":"demande-dautorisation-durbanisme","status":"publish","type":"page","link":"https:\/\/ville-sous-anjou.fr\/?page_id=2657","title":{"rendered":"Demande d&rsquo;autorisation d&rsquo;urbanisme"},"content":{"rendered":"\n<p>Le service Application du Droit des Sols (ADS) de la communaut\u00e9 de communes Entre Bi\u00e8vre et Rh\u00f4ne instruit les diff\u00e9rentes autorisations d\u2019urbanisme (permis de construire, d\u2019am\u00e9nager et de d\u00e9molir, d\u00e9clarations pr\u00e9alables\u2026) pour le compte de 36 communes de la CC EBER.<\/p>\n\n\n\n<p><a href=\"https:\/\/www.entre-bievreetrhone.fr\/services-et-demarches\/permis-de-construire-et-urbanisme\">https:\/\/www.entre-bievreetrhone.fr\/services-et-demarches\/permis-de-construire-et-urbanisme<\/a><\/p>\n\n\n\n<p><em>A partir du 1<sup>er<\/sup>&nbsp;janvier 2022, toutes les communes devront \u00eatre en mesure de recevoir sous forme \u00e9lectronique les demandes d\u2019autorisation d\u2019urbanisme.<\/em><\/p>\n\n\n\n<p><em>Les communes de plus de 3500 habitants devront \u00e9galement assurer leur instruction sous forme d\u00e9mat\u00e9rialis\u00e9e.<\/em><\/p>\n\n\n\n<p><em>(Article L 112-8 du code de relations entre le public et l\u2019administration et Article L 423-3 du code de l\u2019urbanisme)<\/em><\/p>\n\n\n\n<p><\/p>\n\n\n\n<p><strong>La d\u00e9mat\u00e9rialisation des autorisations d\u2019urbanisme<\/strong><\/p>\n\n\n\n<p>Un portail est disponible pour le d\u00e9p\u00f4t d\u00e9mat\u00e9rialis\u00e9 des demandes d\u2019autorisations au pour l\u2019ensemble des usagers<\/p>\n\n\n\n<p><strong>LIEN POUR ACCEDER AU GUICHET UNIQUE&nbsp;:<\/strong>&nbsp;<a href=\"https:\/\/gu.entre-bievreetrhone.fr\/guichet-unique\" target=\"_blank\" rel=\"noreferrer noopener\">https:\/\/gu.entre-bievreetrhone.fr\/guichet-unique<\/a><\/p>\n\n\n\n<p><strong>Si vous avez un projet de construction ou d\u2019am\u00e9nagement soumis \u00e0 une autorisation d\u2019urbanisme, vous devez&nbsp;:<\/strong><\/p>\n\n\n\n<ul class=\"wp-block-list\"><li>D\u00e9poser un dossier \u00e0 la mairie de la commune dans laquelle les travaux sont envisag\u00e9s<\/li><\/ul>\n\n\n\n<p>(Possibilit\u00e9 ouverte prochainement d\u2019un d\u00e9p\u00f4t en ligne)<\/p>\n\n\n\n<ul class=\"wp-block-list\"><li>L\u2019instruction technique sera assur\u00e9e par la communaut\u00e9 de communes EBER<\/li><\/ul>\n\n\n\n<p>Il est conseill\u00e9 de vous renseigner en amont du projet<\/p>\n\n\n\n<p><strong>Comment obtenir des conseils architecturaux&nbsp;?<br><\/strong>Des architectes CAUE assurent des permanences au si\u00e8ge d\u2019EBER \u00e0&nbsp;St Maurice l\u2019Exil ainsi qu\u2019au bureau de Beaurepaire. Dates et prises de rendez-vous au 04.74.29.31.10 .<\/p>\n\n\n\n<p><strong>O\u00f9 trouver le plan de situation et le plan cadastral de mon terrain&nbsp;?<\/strong><\/p>\n\n\n\n<p><a href=\"https:\/\/www.cadastre.gouv.fr\/scpc\/accueil.do\">https:\/\/www.cadastre.gouv.fr\/scpc\/accueil.do<\/a><\/p>\n\n\n\n<p><strong>O\u00f9 trouver le PLU de ma commune&nbsp;?<\/strong><\/p>\n\n\n\n<p><a href=\"https:\/\/www.geoportail-urbanisme.gouv.fr\/\">https:\/\/www.geoportail-urbanisme.gouv.fr\/<\/a><\/p>\n\n\n\n<p><strong>O\u00f9 t\u00e9l\u00e9charger les formulaires CERFA&nbsp;?<\/strong><\/p>\n\n\n\n<p><a href=\"https:\/\/www.service-public.fr\/particuliers\/vosdroits\/N319\">https:\/\/www.service-public.fr\/particuliers\/vosdroits\/N319<\/a><\/p>\n\n\n\n<p><strong>Quelle proc\u00e9dure pour mon projet&nbsp;?<\/strong><\/p>\n\n\n\n<p><a href=\"https:\/\/www.cohesion-territoires.gouv.fr\/autorisation-durbanisme-une-nouvelle-demarche-en-ligne-pour-accompagner-et-simplifier-la-procedure\">https:\/\/www.cohesion-territoires.gouv.fr\/autorisation-durbanisme-une-nouvelle-demarche-en-ligne-pour-accompagner-et-simplifier-la-procedure<\/a><\/p>\n\n\n\n<p><strong>Une assistance pour constituer votre demande d\u2019autorisation d\u2019urbanisme&nbsp;? ADAU<\/strong><\/p>\n\n\n\n<p><a href=\"https:\/\/www.service-public.fr\/particuliers\/vosdroits\/R52221\">https:\/\/www.service-public.fr\/particuliers\/vosdroits\/R52221<\/a><\/p>\n","protected":false},"excerpt":{"rendered":"<p>Le service Application du Droit des Sols (ADS) de la communaut\u00e9 de communes Entre Bi\u00e8vre et Rh\u00f4ne instruit les diff\u00e9rentes autorisations d\u2019urbanisme (permis de construire, d\u2019am\u00e9nager et de d\u00e9molir, d\u00e9clarations pr\u00e9alables\u2026) pour le compte de 36 communes de la CC EBER. https:\/\/www.entre-bievreetrhone.fr\/services-et-demarches\/permis-de-construire-et-urbanisme A partir du 1er&nbsp;janvier 2022, toutes les communes [&hellip;]<\/p>\n","protected":false},"author":1,"featured_media":0,"parent":0,"menu_order":0,"comment_status":"closed","ping_status":"closed","template":"","meta":{"_exactmetrics_skip_tracking":false,"_exactmetrics_sitenote_active":false,"_exactmetrics_sitenote_note":"","_exactmetrics_sitenote_category":0,"footnotes":""},"class_list":["post-2657","page","type-page","status-publish","hentry"],"_links":{"self":[{"href":"https:\/\/ville-sous-anjou.fr\/index.php?rest_route=\/wp\/v2\/pages\/2657","targetHints":{"allow":["GET"]}}],"collection":[{"href":"https:\/\/ville-sous-anjou.fr\/index.php?rest_route=\/wp\/v2\/pages"}],"about":[{"href":"https:\/\/ville-sous-anjou.fr\/index.php?rest_route=\/wp\/v2\/types\/page"}],"author":[{"embeddable":true,"href":"https:\/\/ville-sous-anjou.fr\/index.php?rest_route=\/wp\/v2\/users\/1"}],"replies":[{"embeddable":true,"href":"https:\/\/ville-sous-anjou.fr\/index.php?rest_route=%2Fwp%2Fv2%2Fcomments&post=2657"}],"version-history":[{"count":1,"href":"https:\/\/ville-sous-anjou.fr\/index.php?rest_route=\/wp\/v2\/pages\/2657\/revisions"}],"predecessor-version":[{"id":2658,"href":"https:\/\/ville-sous-anjou.fr\/index.php?rest_route=\/wp\/v2\/pages\/2657\/revisions\/2658"}],"wp:attachment":[{"href":"https:\/\/ville-sous-anjou.fr\/index.php?rest_route=%2Fwp%2Fv2%2Fmedia&parent=2657"}],"curies":[{"name":"wp","href":"https:\/\/api.w.org\/{rel}","templated":true}]}}