{"id":306,"date":"2014-11-10T11:31:47","date_gmt":"2014-11-10T10:31:47","guid":{"rendered":"http:\/\/vsatest.wpweb.fr\/?page_id=306"},"modified":"2014-11-10T11:31:47","modified_gmt":"2014-11-10T10:31:47","slug":"demarches-administratives-etat-civile","status":"publish","type":"page","link":"https:\/\/ville-sous-anjou.fr\/?page_id=306","title":{"rendered":"D\u00e9marches administratives : Etat civil"},"content":{"rendered":"<table>\n<tbody>\n<tr valign=\"top\">\n<td width=\"144\"><strong>D\u00e9claration de naissance<\/strong><\/td>\n<td width=\"124\">Mairie du lieu de naissance<\/td>\n<td width=\"442\">Livret de <span style=\"color: #000000\">famille,<\/span> carte d\u2019identit\u00e9, certificat d\u2019accouchement.<\/p>\n<p>Dans les 3 jours qui suivent la naissance.<\/td>\n<\/tr>\n<tr valign=\"top\">\n<td width=\"144\"><strong>Extrait d\u2019acte de naissance de fran\u00e7ais n\u00e9s \u00e0 l\u2019\u00e9tranger<\/strong><\/td>\n<td width=\"124\">Minist\u00e8re des Affaires \u00c9trang\u00e8res. Service central de l\u2019\u00c9tat Civil BP 1056 \u2013 44035 Nantes<\/p>\n<p>cedex. Ou par internet\u00a0:<\/p>\n<p><a href=\"http:\/\/www.diplomatie.gouv.fr\">www.diplomatie.gouv.fr<\/a><\/p>\n<p>&nbsp;<\/p>\n<p>&nbsp;<\/p>\n<p>&nbsp;<\/td>\n<td width=\"442\">Date et lieu de naissance, noms et pr\u00e9noms. Joindre une enveloppe timbr\u00e9e \u00e0 votre adresse. Les citoyens fran\u00e7ais n\u00e9s \u00e0 l\u2019\u00e9tranger sont directement redirig\u00e9s vers le service central d\u2019\u00e9tat civil du minist\u00e8re des Affaires \u00e9trang\u00e8res, qui g\u00e8re les copies int\u00e9grales d\u2019actes d\u2019\u00e9tat civil \u00e0 l\u2019\u00e9tranger pour des personnes de nationalit\u00e9 fran\u00e7aise. Les demandes sont achemin\u00e9es aux communes concern\u00e9es, celles-ci pouvant \u00eatre alert\u00e9es par courriel.<\/td>\n<\/tr>\n<tr>\n<td width=\"144\"><strong>Copie int\u00e9grale d\u2019acte de \u00a0\u00a0\u00a0naissance<\/strong><\/td>\n<td width=\"124\">Mairie du lieu de naissance<\/p>\n<p>&nbsp;<\/p>\n<p>Ou par internet\u00a0:<\/p>\n<p><a href=\"http:\/\/www.acte-etat.civil.fr\">www.acte-etat.civil.fr<\/a><\/p>\n<p>&nbsp;<\/td>\n<td width=\"442\">Indiquer nom, pr\u00e9noms et date de naissance de l\u2019int\u00e9ress\u00e9 + noms et pr\u00e9noms des parents si extrait avec filiation. Gratuit. Joindre une enveloppe timbr\u00e9e \u00e0 vos noms et adresse. Les citoyens n\u00e9s dans une commune fran\u00e7aise peuvent d\u00e9poser une demande. Lorsque leur commune de naissance dispose d\u2019un service de demande de copie int\u00e9grale d\u2019actes par Internet, l\u2019internaute est redirig\u00e9 vers le site Internet de celle-ci. Quelque soit le mode de transmission, les Fran\u00e7ais recevront leur copie int\u00e9grale d\u2019acte de naissance quelques jours plus tard par courrier. Gratuit et s\u00e9curis\u00e9.<\/td>\n<\/tr>\n<tr valign=\"top\">\n<td width=\"144\"><strong>Reconnaissance (d\u2019un enfant naturel)<\/strong><\/td>\n<td width=\"124\">Mairie<\/td>\n<td width=\"442\">Carte d\u2019identit\u00e9 des d\u00e9clarants, justificatif de domicile.<\/p>\n<p>Avant ou apr\u00e8s la naissance.<\/td>\n<\/tr>\n<tr valign=\"top\">\n<td width=\"144\"><strong>Copie int\u00e9grale d\u2019acte de mariage<\/strong><\/td>\n<td width=\"124\">Mairie du lieu de mariage<\/td>\n<td width=\"442\">Indiquer nom, pr\u00e9noms, date et lieu de mariage de la personne concern\u00e9e + noms et pr\u00e9noms de ses parents si extrait avec filiation.<\/p>\n<p>Gratuit. Joindre une enveloppe timbr\u00e9e \u00e0 votre nom et adresse.<\/td>\n<\/tr>\n<tr valign=\"top\">\n<td width=\"144\"><strong>Certificat de vie commune ou de concubinage<\/strong><\/td>\n<td width=\"124\">Mairie du domicile<\/td>\n<td width=\"442\">Fournir une pi\u00e8ce d\u2019identit\u00e9 pour chaque personne et des justificatifs de domicile.<\/p>\n<p>Gratuit mais pas obligation pour les maires de d\u00e9livrer ce certificat d\u2019o\u00f9 il convient de se renseigner aupr\u00e8s de votre mairie.<\/td>\n<\/tr>\n<tr valign=\"top\">\n<td width=\"144\"><strong>Attestation d\u2019engagement dans les liens du PACS<\/strong><\/td>\n<td width=\"124\">Greffe du Tribunal d\u2019Instance de votre lieu de naissance ou de domicile.<\/td>\n<td width=\"442\">Attestation remise lors de l\u2019enregistrement du pacte civil de solidarit\u00e9 mais possibilit\u00e9 d\u2019en demander d\u2019autres exemplaires.<\/td>\n<\/tr>\n<tr valign=\"top\">\n<td width=\"144\"><strong>Livret de famille<\/strong><\/td>\n<td width=\"124\">Mairie du domicile<\/td>\n<td width=\"442\">En cas de s\u00e9paration de corps ou divorce, un autre livret pourra \u00eatre remis \u00e0 celui qui en est d\u00e9pourvu.<\/td>\n<\/tr>\n<tr valign=\"top\">\n<td width=\"144\"><strong>Copie jugement de divorce<\/strong><\/td>\n<td width=\"124\">Avocat ou Tribunal qui a prononc\u00e9 le divorce<\/td>\n<td width=\"442\"><\/td>\n<\/tr>\n<tr valign=\"top\">\n<td width=\"144\"><strong>D\u00e9claration de d\u00e9c\u00e8s<\/strong><\/td>\n<td width=\"124\">Mairie du lieu de d\u00e9c\u00e8s<\/td>\n<td width=\"442\">Livret de famille et certificat de d\u00e9c\u00e8s. Dans les 24h. qui suivent le d\u00e9c\u00e8s.<\/td>\n<\/tr>\n<tr valign=\"top\">\n<td width=\"144\"><strong>Copie int\u00e9grale d\u2019acte de d\u00e9c\u00e8s<\/strong><\/td>\n<td width=\"124\">Mairie o\u00f9 a \u00e9t\u00e9 dress\u00e9 l\u2019acte ou Mairie du dernier domicile du d\u00e9funt.<\/td>\n<td width=\"442\">Indiquer les nom et pr\u00e9noms du d\u00e9funt et la date du d\u00e9c\u00e8s.<\/p>\n<p>Gratuit. Joindre une enveloppe timbr\u00e9e \u00e0 vos noms et adresse.<\/td>\n<\/tr>\n<tr valign=\"top\">\n<td width=\"144\"><strong>Certificat d\u2019h\u00e9r\u00e9dit\u00e9<\/strong><\/td>\n<td width=\"124\">Notaire<\/td>\n<td width=\"442\">Livret de famille de la personne d\u00e9c\u00e9d\u00e9e, profession et adresse des h\u00e9ritiers.<\/td>\n<\/tr>\n<\/tbody>\n<\/table>\n","protected":false},"excerpt":{"rendered":"<p>D\u00e9claration de naissance Mairie du lieu de naissance Livret de famille, carte d\u2019identit\u00e9, certificat d\u2019accouchement. Dans les 3 jours qui suivent la naissance. Extrait d\u2019acte de naissance de fran\u00e7ais n\u00e9s \u00e0 l\u2019\u00e9tranger Minist\u00e8re des Affaires \u00c9trang\u00e8res. Service central de l\u2019\u00c9tat Civil BP 1056 \u2013 44035 Nantes cedex. Ou par internet\u00a0: [&hellip;]<\/p>\n","protected":false},"author":1,"featured_media":0,"parent":0,"menu_order":0,"comment_status":"closed","ping_status":"closed","template":"","meta":{"_exactmetrics_skip_tracking":false,"_exactmetrics_sitenote_active":false,"_exactmetrics_sitenote_note":"","_exactmetrics_sitenote_category":0,"footnotes":""},"class_list":["post-306","page","type-page","status-publish","hentry"],"_links":{"self":[{"href":"https:\/\/ville-sous-anjou.fr\/index.php?rest_route=\/wp\/v2\/pages\/306","targetHints":{"allow":["GET"]}}],"collection":[{"href":"https:\/\/ville-sous-anjou.fr\/index.php?rest_route=\/wp\/v2\/pages"}],"about":[{"href":"https:\/\/ville-sous-anjou.fr\/index.php?rest_route=\/wp\/v2\/types\/page"}],"author":[{"embeddable":true,"href":"https:\/\/ville-sous-anjou.fr\/index.php?rest_route=\/wp\/v2\/users\/1"}],"replies":[{"embeddable":true,"href":"https:\/\/ville-sous-anjou.fr\/index.php?rest_route=%2Fwp%2Fv2%2Fcomments&post=306"}],"version-history":[{"count":0,"href":"https:\/\/ville-sous-anjou.fr\/index.php?rest_route=\/wp\/v2\/pages\/306\/revisions"}],"wp:attachment":[{"href":"https:\/\/ville-sous-anjou.fr\/index.php?rest_route=%2Fwp%2Fv2%2Fmedia&parent=306"}],"curies":[{"name":"wp","href":"https:\/\/api.w.org\/{rel}","templated":true}]}}