{"id":368,"date":"2014-11-26T16:28:24","date_gmt":"2014-11-26T15:28:24","guid":{"rendered":"http:\/\/vsatest.wpweb.fr\/?page_id=368"},"modified":"2014-11-26T16:28:24","modified_gmt":"2014-11-26T15:28:24","slug":"reglementation-publique","status":"publish","type":"page","link":"https:\/\/ville-sous-anjou.fr\/?page_id=368","title":{"rendered":"R\u00e8glementation publique"},"content":{"rendered":"<table>\n<tbody>\n<tr valign=\"top\">\n<td width=\"165\"><strong>Carte nationale d\u2019identit\u00e9<\/strong><\/td>\n<td width=\"147\">Mairie du domicile<\/td>\n<td width=\"396\">Se renseigner en mairie.<\/td>\n<\/tr>\n<tr valign=\"top\">\n<td width=\"165\"><strong>Passeport biom\u00e9trique<\/strong><\/td>\n<td width=\"147\">Mairie de Roussillon oude Vienne sur rendez vous<\/td>\n<td width=\"396\">Se renseigner en mairie<\/td>\n<\/tr>\n<tr valign=\"top\">\n<td width=\"165\"><strong>Certificat de nationalit\u00e9 fran\u00e7aise<\/strong><\/td>\n<td width=\"147\">Greffe du Tribunal d\u2019Instance du lieu de votre domicile<\/td>\n<td width=\"396\">Un justificatif d\u2019identit\u00e9, un justificatif de domicile + des pi\u00e8ces compl\u00e9mentaires qui varient selon votre situation.<\/td>\n<\/tr>\n<tr valign=\"top\">\n<td width=\"165\"><strong>Extrait de casier judiciaire (bulletin n\u00b03)<\/strong><\/td>\n<td width=\"147\">Casier Judiciaire National 107 rue du Landreau, 44079 Nantes cedex 1 ou minitel 3615 CJN ou www.cin.justice.gouv.fr<\/td>\n<td width=\"396\">Noms et pr\u00e9noms (nom de jeune fille pour les femmes mari\u00e9es), date et lieu de naissance, adresse actuelle. Gratuit. Ne pas joindre d\u2019enveloppe ou timbre pour la r\u00e9ponse.<\/td>\n<\/tr>\n<tr valign=\"top\">\n<td width=\"165\"><strong>Recensement en vue de l\u2019appel de pr\u00e9sentation \u00e0 la d\u00e9fense<\/strong><\/td>\n<td width=\"147\">Mairie de votre domicile<\/td>\n<td width=\"396\">Tout fran\u00e7ais (gar\u00e7on ou fille) \u00e2g\u00e9s de 16 ans doit se faire recenser.Fournir une pi\u00e8ce d\u2019identit\u00e9 et le livret de famille.<\/td>\n<\/tr>\n<tr valign=\"top\">\n<td width=\"165\"><strong>Carte d\u2019invalidit\u00e9<\/strong><\/td>\n<td width=\"147\">Mairie du domicile<\/td>\n<td width=\"396\">Se renseigner en mairie pour les documents \u00e0 fournir<\/td>\n<\/tr>\n<tr valign=\"top\">\n<td width=\"165\"><strong>Certificat de vie pour \u00e9tranger r\u00e9sidant en France<\/strong><\/td>\n<td width=\"147\">Mairie du domicile<\/td>\n<td width=\"396\">Livret de famille ou carte nationale d\u2019identit\u00e9.<\/td>\n<\/tr>\n<tr valign=\"top\">\n<td width=\"165\"><strong>Titre de s\u00e9jour pour \u00e9tranger<\/strong><\/td>\n<td width=\"147\">Sous-pr\u00e9fecture<\/td>\n<td width=\"396\">Se renseigner en Sous-Pr\u00e9fecture de Vienne pour la constitution du dossier(04 74 53 26 25)<\/td>\n<\/tr>\n<tr valign=\"top\">\n<td width=\"165\"><strong>Attestation d\u2019accueil d\u2019\u00e9tranger<\/strong><\/td>\n<td width=\"147\">Mairie<\/td>\n<td width=\"396\">Se renseigner en Mairie pour la constitution du dossier<\/td>\n<\/tr>\n<tr valign=\"top\">\n<td width=\"165\"><strong>Demande de naturalisation<\/strong><\/td>\n<td width=\"147\">Pr\u00e9fecture<\/td>\n<td width=\"396\">Prendre R\/V avec la Pr\u00e9fecture par t\u00e9l\u00e9phone. (\u00a0: 08 21 80 30 38<\/td>\n<\/tr>\n<tr valign=\"top\">\n<td width=\"165\"><strong>Inscription sur les listes \u00e9lectorales<\/strong><\/td>\n<td width=\"147\">Mairie<\/td>\n<td width=\"396\">Fournir une pi\u00e8ce d\u2019identit\u00e9 et un justificatif de domicile ou de paiement des imp\u00f4ts locaux depuis plus de 5 ans.<\/td>\n<\/tr>\n<tr valign=\"top\">\n<td width=\"165\"><strong>Inscription sur les listes \u00e9lectorales<\/strong><\/td>\n<td width=\"147\">Mairie<\/td>\n<td width=\"396\">Fournir une pi\u00e8ce d\u2019identit\u00e9 et un justificatif de domicile ou de paiement des imp\u00f4ts locaux depuis plus de 5 ans.<\/td>\n<\/tr>\n<tr valign=\"top\">\n<td width=\"165\"><strong>Carte \u00e9lectorale<\/strong><\/td>\n<td width=\"147\">Mairie<\/td>\n<td width=\"396\">Fournir une pi\u00e8ce d\u2019identit\u00e9 et un justificatif de domicile. Gratuit. Apr\u00e8s inscription \u00a0 sur les listes \u00e9lectorales.<\/td>\n<\/tr>\n<tr valign=\"top\">\n<td width=\"165\"><strong>Certificat de r\u00e9sidence<\/strong><\/td>\n<td width=\"147\">Mairie du domicile<\/td>\n<td width=\"396\">Fournir un justificatif de domicile. Gratuit.<\/td>\n<\/tr>\n<tr valign=\"top\">\n<td width=\"165\"><strong>L\u00e9galisation de signature<\/strong><\/td>\n<td width=\"147\">Mairie<\/td>\n<td width=\"396\">La signature \u00e0 l\u00e9galiser doit \u00eatre appos\u00e9e sur pr\u00e9sentation de la carte d\u2019identit\u00e9, devant un employ\u00e9 municipal.<\/td>\n<\/tr>\n<\/tbody>\n<\/table>\n","protected":false},"excerpt":{"rendered":"<p>Carte nationale d\u2019identit\u00e9 Mairie du domicile Se renseigner en mairie. Passeport biom\u00e9trique Mairie de Roussillon oude Vienne sur rendez vous Se renseigner en mairie Certificat de nationalit\u00e9 fran\u00e7aise Greffe du Tribunal d\u2019Instance du lieu de votre domicile Un justificatif d\u2019identit\u00e9, un justificatif de domicile + des pi\u00e8ces compl\u00e9mentaires qui varient [&hellip;]<\/p>\n","protected":false},"author":1,"featured_media":0,"parent":0,"menu_order":0,"comment_status":"closed","ping_status":"closed","template":"","meta":{"_exactmetrics_skip_tracking":false,"_exactmetrics_sitenote_active":false,"_exactmetrics_sitenote_note":"","_exactmetrics_sitenote_category":0,"footnotes":""},"class_list":["post-368","page","type-page","status-publish","hentry"],"_links":{"self":[{"href":"https:\/\/ville-sous-anjou.fr\/index.php?rest_route=\/wp\/v2\/pages\/368","targetHints":{"allow":["GET"]}}],"collection":[{"href":"https:\/\/ville-sous-anjou.fr\/index.php?rest_route=\/wp\/v2\/pages"}],"about":[{"href":"https:\/\/ville-sous-anjou.fr\/index.php?rest_route=\/wp\/v2\/types\/page"}],"author":[{"embeddable":true,"href":"https:\/\/ville-sous-anjou.fr\/index.php?rest_route=\/wp\/v2\/users\/1"}],"replies":[{"embeddable":true,"href":"https:\/\/ville-sous-anjou.fr\/index.php?rest_route=%2Fwp%2Fv2%2Fcomments&post=368"}],"version-history":[{"count":0,"href":"https:\/\/ville-sous-anjou.fr\/index.php?rest_route=\/wp\/v2\/pages\/368\/revisions"}],"wp:attachment":[{"href":"https:\/\/ville-sous-anjou.fr\/index.php?rest_route=%2Fwp%2Fv2%2Fmedia&parent=368"}],"curies":[{"name":"wp","href":"https:\/\/api.w.org\/{rel}","templated":true}]}}