{"id":370,"date":"2014-11-26T16:48:09","date_gmt":"2014-11-26T15:48:09","guid":{"rendered":"http:\/\/vsatest.wpweb.fr\/?page_id=370"},"modified":"2015-01-15T16:27:33","modified_gmt":"2015-01-15T16:27:33","slug":"autres-demandes","status":"publish","type":"page","link":"https:\/\/ville-sous-anjou.fr\/?page_id=370","title":{"rendered":"Autres demandes"},"content":{"rendered":"<table style=\"height: 892px;\" width=\"656\">\n<tbody>\n<tr valign=\"top\">\n<td width=\"164\"><strong>Certificat de scolarit\u00e9<\/strong><\/td>\n<td width=\"134\">Directeur de l\u2019\u00e9cole<\/td>\n<td width=\"355\"><\/td>\n<\/tr>\n<tr valign=\"top\">\n<td width=\"164\"><strong>Certificat de travail<\/strong><\/td>\n<td width=\"134\">L\u2019employeur<\/td>\n<td width=\"355\"><\/td>\n<\/tr>\n<tr valign=\"top\">\n<td width=\"164\"><strong>Permis de conduire<\/strong><\/td>\n<td width=\"134\">Pr\u00e9fecture ou Sous\u2013Pr\u00e9fecture<\/td>\n<td width=\"355\">Permis r\u00e9ussi apr\u00e8s examen\u00a0: dossier \u00e0 retirer aupr\u00e8s de votre auto-\u00e9cole, de la pr\u00e9fecture ou de la sous-pr\u00e9fecture. Adresser le dossier complet \u00e0 la pr\u00e9fecture pour l\u2019\u00e9tablissement de votre titre.Duplicata\u00a0: dossier \u00e0 retirer en mairie, pr\u00e9fecture ou sous-pr\u00e9fecture. Adresser le dossier complet \u00e0 la pr\u00e9fecture pour l\u2019\u00e9tablissement et l\u2019envoi du titre.Demande de visite m\u00e9dicale\u00a0: imprim\u00e9 \u00e0 retirer en mairie, pr\u00e9fecture ou sous-pr\u00e9fecture, ainsi que la liste des m\u00e9decins de ville agr\u00e9\u00e9s.<\/td>\n<\/tr>\n<tr valign=\"top\">\n<td width=\"164\"><strong>Certificat d\u2019immatriculation<\/strong>(ancienne carte grise)<\/td>\n<td width=\"134\">Pr\u00e9fecture ou Sous-Pr\u00e9fecture<\/td>\n<td width=\"355\">V\u00e9hicule neuf\u00a0: soit demande de certificat d\u2019immatriculation CERFA d\u00e9livr\u00e9e par le constructeur ou son repr\u00e9sentant et une pi\u00e8ce d\u2019identit\u00e9 en cours de validit\u00e9, soit une demande de certificat d\u2019immatriculation, une pi\u00e8ce d\u2019identit\u00e9 en cours de validit\u00e9, un certificat de conformit\u00e9 communautaire, une facture \u00e9tablie par le vendeur ou un certificat de cession.V\u00e9hicule d\u2019occasion\u00a0: une demande de certificat d\u2019immatriculation, l\u2019ancienne carte grise, le certificat de cession, le contr\u00f4le technique de moins de 6 mois, une pi\u00e8ce d\u2019identit\u00e9 en cours de validit\u00e9.49,50 \u20ac\/CV (v\u00e9hicule de moins de 10 ans) 28,50 \u20ac\/CV (v\u00e9hicule de plus de 10 ans ou \u00e0 deux roues).Si demande par courrier joindre une enveloppe timbr\u00e9e (lettre suivie ou recommand\u00e9e avec liasse).Tout changement d\u2019adresse doit \u00eatre signal\u00e9 dans les 15 jours.<\/td>\n<\/tr>\n<tr valign=\"top\">\n<td width=\"164\"><strong>Certificat de non gage<\/strong><\/td>\n<td width=\"134\">Pr\u00e9fecture (borne dans hall d\u2019accueil), sous-pr\u00e9fecture ou www.interieur.gouv.fr \u00ab\u00a0A VOTRE SERVICE\u00a0\u00bb puis \u00ab\u00a0vos d\u00e9marches\u00a0\u00bb.<\/td>\n<td width=\"355\">Date de premi\u00e8re mise en circulation et num\u00e9ro d\u2019immatriculation du v\u00e9hicule.<\/td>\n<\/tr>\n<tr valign=\"top\">\n<td width=\"164\"><strong>Certificat de propri\u00e9t\u00e9<\/strong><\/td>\n<td width=\"134\">Notaire ou Tribunal d\u2019instance du domicile<\/td>\n<td width=\"355\"><\/td>\n<\/tr>\n<tr valign=\"top\">\n<td width=\"164\"><strong>Permis de chasser<\/strong><\/td>\n<td width=\"134\">Office National de la Chasse et de la Faune Sauvage<\/td>\n<td width=\"355\">Pour l\u2019examen obligatoire et les tarifs, s\u2019adresser \u00e0la F\u00e9d\u00e9ration D\u00e9partementale des Chasseurs65 av. Jean Jaur\u00e8s 38320 EYBENS (t\u00e9l. 04 76 62 97 78).La FDCI organise la formation et l\u2019examen,l\u2019ONCFS d\u00e9livre le permis de chasser<\/td>\n<\/tr>\n<tr valign=\"top\">\n<td colspan=\"3\" width=\"673\"><strong>\u00a0<\/strong><\/p>\n<p style=\"text-align: center;\"><strong>\u00a0<\/strong><\/p>\n<p style=\"text-align: center;\"><strong>Pour en savoir plus\u00a0: appeler le 3939 (0,12 \u20ac la minute) ou consulter les sites Internet suivants\u00a0:<\/strong><\/p>\n<p style=\"text-align: center;\"><strong><a href=\"http:\/\/www.isere.pref.gouv.fr\/\">www.isere.pref.gouv.fr<\/a><\/strong><\/p>\n<p style=\"text-align: center;\"><strong><a href=\"http:\/\/www.service-public.fr\/\">www.service-public.fr<\/a><\/strong><\/p>\n<\/td>\n<\/tr>\n<\/tbody>\n<\/table>\n","protected":false},"excerpt":{"rendered":"<p>Certificat de scolarit\u00e9 Directeur de l\u2019\u00e9cole Certificat de travail L\u2019employeur Permis de conduire Pr\u00e9fecture ou Sous\u2013Pr\u00e9fecture Permis r\u00e9ussi apr\u00e8s examen\u00a0: dossier \u00e0 retirer aupr\u00e8s de votre auto-\u00e9cole, de la pr\u00e9fecture ou de la sous-pr\u00e9fecture. Adresser le dossier complet \u00e0 la pr\u00e9fecture pour l\u2019\u00e9tablissement de votre titre.Duplicata\u00a0: dossier \u00e0 retirer en [&hellip;]<\/p>\n","protected":false},"author":1,"featured_media":0,"parent":0,"menu_order":0,"comment_status":"closed","ping_status":"closed","template":"","meta":{"_exactmetrics_skip_tracking":false,"_exactmetrics_sitenote_active":false,"_exactmetrics_sitenote_note":"","_exactmetrics_sitenote_category":0,"footnotes":""},"class_list":["post-370","page","type-page","status-publish","hentry"],"_links":{"self":[{"href":"https:\/\/ville-sous-anjou.fr\/index.php?rest_route=\/wp\/v2\/pages\/370","targetHints":{"allow":["GET"]}}],"collection":[{"href":"https:\/\/ville-sous-anjou.fr\/index.php?rest_route=\/wp\/v2\/pages"}],"about":[{"href":"https:\/\/ville-sous-anjou.fr\/index.php?rest_route=\/wp\/v2\/types\/page"}],"author":[{"embeddable":true,"href":"https:\/\/ville-sous-anjou.fr\/index.php?rest_route=\/wp\/v2\/users\/1"}],"replies":[{"embeddable":true,"href":"https:\/\/ville-sous-anjou.fr\/index.php?rest_route=%2Fwp%2Fv2%2Fcomments&post=370"}],"version-history":[{"count":2,"href":"https:\/\/ville-sous-anjou.fr\/index.php?rest_route=\/wp\/v2\/pages\/370\/revisions"}],"predecessor-version":[{"id":750,"href":"https:\/\/ville-sous-anjou.fr\/index.php?rest_route=\/wp\/v2\/pages\/370\/revisions\/750"}],"wp:attachment":[{"href":"https:\/\/ville-sous-anjou.fr\/index.php?rest_route=%2Fwp%2Fv2%2Fmedia&parent=370"}],"curies":[{"name":"wp","href":"https:\/\/api.w.org\/{rel}","templated":true}]}}