{"id":60,"date":"2014-09-02T14:16:47","date_gmt":"2014-09-02T13:16:47","guid":{"rendered":"http:\/\/vsatest.wpweb.fr\/?page_id=60"},"modified":"2026-04-14T06:28:43","modified_gmt":"2026-04-14T06:28:43","slug":"le-personnel-communal","status":"publish","type":"page","link":"https:\/\/ville-sous-anjou.fr\/?page_id=60","title":{"rendered":"Le personnel communal"},"content":{"rendered":"<p style=\"background: white; margin: 0cm 0cm 11.25pt 0cm;\"><strong><u><span style=\"font-size: 13.5pt; font-family: Roboto; color: #3c4858;\">Ingrid JAQUART :<\/span><\/u><\/strong><span style=\"font-size: 13.5pt; font-family: Roboto; color: #3c4858;\">\u00a0Secr\u00e9taire g\u00e9n\u00e9rale de Mairie \u00e0 temps complet, elle est charg\u00e9e du secr\u00e9tariat de mairie, de la comptabilit\u00e9, du suivi du budget, des dossiers de subvention.<o:p><\/o:p><\/span><\/p>\n<p style=\"background: white; margin: 0cm 0cm 11.25pt 0cm;\"><strong><u><span style=\"font-size: 13.5pt; font-family: Roboto; color: #3c4858;\">La\u00ebtitia MATHEY :\u00a0<\/span><\/u><\/strong><span style=\"font-size: 13.5pt; font-family: Roboto; color: #3c4858;\">Adjoint administratif \u00e0 temps partiel, elle est charg\u00e9e de l\u2019accueil du public, d\u2019une partie du secr\u00e9tariat, du suivi des dossiers d\u2019urbanisme, des actes d\u2019Etat Civil et administratifs.<o:p><\/o:p><\/span><\/p>\n<p style=\"background: white; margin: 0cm 0cm 11.25pt 0cm;\"><strong><u><span style=\"font-size: 13.5pt; font-family: Roboto; color: #3c4858;\">Charl\u00e8ne MARTINIER<\/span><\/u><\/strong><span style=\"font-size: 13.5pt; font-family: Roboto; color: #3c4858;\">\u00a0: Adjoint technique \u00e0 temps partiel, responsable de la cantine scolaire.<o:p><\/o:p><\/span><\/p>\n<p style=\"background: white; margin: 0cm 0cm 11.25pt 0cm;\"><strong><u><span style=\"font-size: 13.5pt; font-family: 'Helvetica',sans-serif; color: #3c4858;\">Pauline PERGER<\/span><\/u><\/strong><strong><span style=\"font-size: 13.5pt; font-family: 'Helvetica',sans-serif; color: #3c4858;\">\u00a0:<\/span><\/strong><span style=\"font-size: 13.5pt; font-family: 'Helvetica',sans-serif; color: #3c4858;\">\u00a0ATSEM, elle assure aussi le service \u00e0 la cantine et de l\u2019accueil p\u00e9riscolaire. <i>Actuellement en cong\u00e9 parental<\/i><\/span><i><span style=\"font-size: 13.5pt; font-family: Roboto; color: #3c4858;\"><o:p><\/o:p><\/span><\/i><\/p>\n<p style=\"background: white; margin: 0cm 0cm 11.25pt 0cm;\"><strong><u><span style=\"font-size: 13.5pt; font-family: Roboto; color: #3c4858;\">Justine MICHEL :<\/span><\/u><\/strong><span style=\"font-size: 13.5pt; font-family: Roboto; color: #3c4858;\">\u00a0Adjoint technique \u00e0 temps partiel, elle est charg\u00e9e de l\u2019entretien des locaux de l\u2019\u00e9cole, du service \u00e0 la cantine et de l\u2019accompagnement dans le transport scolaire.<\/span><i><span style=\"font-size: 13.5pt; font-family: 'Helvetica',sans-serif; color: #3c4858;\"> Actuellement en cong\u00e9 parental<\/span><\/i><span style=\"font-size: 13.5pt; font-family: Roboto; color: #3c4858;\"><o:p><\/o:p><\/span><\/p>\n<p style=\"background: white; margin: 0cm 0cm 11.25pt 0cm;\"><strong><u><span style=\"font-size: 13.5pt; font-family: Roboto; color: #3c4858;\">S\u00e9bastien VALLA :<\/span><\/u><\/strong><span style=\"font-size: 13.5pt; font-family: Roboto; color: #3c4858;\">\u00a0Adjoint des services techniques \u00e0 temps complet, il est en charge de l\u2019entretien des b\u00e2timents communaux, des espaces verts et de la voirie<o:p><\/o:p><\/span><\/p>\n<p style=\"background: white; margin: 0cm 0cm 11.25pt 0cm;\"><b><u><span style=\"font-size: 13.5pt; font-family: Roboto; color: #3c4858;\">Lisandro PUGLIESE\u00a0:<\/span><\/u><\/b><b><span style=\"font-size: 13.5pt; font-family: Roboto; color: #3c4858;\"> <\/span><\/b><span style=\"font-size: 13.5pt; font-family: Roboto; color: #3c4858;\">Adjoint technique \u00e0 temps complet il est en charge de l\u2019entretien des b\u00e2timents communaux, des espaces verts et de la voirie.<o:p><\/o:p><\/span><\/p>\n<p style=\"background: white; margin: 0cm 0cm 11.25pt 0cm;\"><strong><u><span style=\"font-size: 13.5pt; font-family: Roboto; color: #3c4858;\">St\u00e9phanie CASTELOA :\u00a0<\/span><\/u><\/strong><span style=\"font-size: 13.5pt; font-family: Roboto; color: #3c4858;\">Agent technique contractuel \u00e0 temps partiel, remplacement ATSEM, accompagnement transport scolaire et entretien des locaux de l\u2019\u00e9cole.<o:p><\/o:p><\/span><\/p>\n<p style=\"background: white; margin: 0cm 0cm 11.25pt 0cm;\"><b><u><span style=\"font-size: 13.5pt; font-family: Roboto; color: #3c4858;\">Justine DARGAUD\u00a0: <\/span><\/u><\/b><span style=\"font-size: 13.5pt; font-family: Roboto; color: #3c4858;\">Agent technique contractuel \u00e0 temps partiel, service \u00e0 la cantine et entretien des locaux de l\u2019\u00e9cole.<o:p><\/o:p><\/span><\/p>\n<p style=\"background: white; margin: 0cm 0cm 11.25pt 0cm;\"><b><u><span style=\"font-size: 13.5pt; font-family: Roboto; color: #3c4858;\">Nancy NICOLAS\u00a0: <\/span><\/u><\/b><span style=\"font-size: 13.5pt; font-family: Roboto; color: #3c4858;\">Agent technique contractuel \u00e0 temps partiel, mission \u00e0 la pause m\u00e9ridienne de l\u2019\u00e9cole.<o:p><\/o:p><\/span><\/p>\n","protected":false},"excerpt":{"rendered":"<p>Ingrid JAQUART :\u00a0Secr\u00e9taire g\u00e9n\u00e9rale de Mairie \u00e0 temps complet, elle est charg\u00e9e du secr\u00e9tariat de mairie, de la comptabilit\u00e9, du suivi du budget, des dossiers de subvention. La\u00ebtitia MATHEY :\u00a0Adjoint administratif \u00e0 temps partiel, elle est charg\u00e9e de l\u2019accueil du public, d\u2019une partie du secr\u00e9tariat, du suivi des dossiers d\u2019urbanisme, [&hellip;]<\/p>\n","protected":false},"author":1,"featured_media":0,"parent":0,"menu_order":0,"comment_status":"closed","ping_status":"closed","template":"","meta":{"_exactmetrics_skip_tracking":false,"_exactmetrics_sitenote_active":false,"_exactmetrics_sitenote_note":"","_exactmetrics_sitenote_category":0,"footnotes":""},"class_list":["post-60","page","type-page","status-publish","hentry"],"_links":{"self":[{"href":"https:\/\/ville-sous-anjou.fr\/index.php?rest_route=\/wp\/v2\/pages\/60","targetHints":{"allow":["GET"]}}],"collection":[{"href":"https:\/\/ville-sous-anjou.fr\/index.php?rest_route=\/wp\/v2\/pages"}],"about":[{"href":"https:\/\/ville-sous-anjou.fr\/index.php?rest_route=\/wp\/v2\/types\/page"}],"author":[{"embeddable":true,"href":"https:\/\/ville-sous-anjou.fr\/index.php?rest_route=\/wp\/v2\/users\/1"}],"replies":[{"embeddable":true,"href":"https:\/\/ville-sous-anjou.fr\/index.php?rest_route=%2Fwp%2Fv2%2Fcomments&post=60"}],"version-history":[{"count":11,"href":"https:\/\/ville-sous-anjou.fr\/index.php?rest_route=\/wp\/v2\/pages\/60\/revisions"}],"predecessor-version":[{"id":3413,"href":"https:\/\/ville-sous-anjou.fr\/index.php?rest_route=\/wp\/v2\/pages\/60\/revisions\/3413"}],"wp:attachment":[{"href":"https:\/\/ville-sous-anjou.fr\/index.php?rest_route=%2Fwp%2Fv2%2Fmedia&parent=60"}],"curies":[{"name":"wp","href":"https:\/\/api.w.org\/{rel}","templated":true}]}}