{"id":64,"date":"2014-09-02T14:17:58","date_gmt":"2014-09-02T13:17:58","guid":{"rendered":"http:\/\/vsatest.wpweb.fr\/?page_id=64"},"modified":"2023-01-10T10:53:07","modified_gmt":"2023-01-10T10:53:07","slug":"intercommunalite","status":"publish","type":"page","link":"https:\/\/ville-sous-anjou.fr\/?page_id=64","title":{"rendered":"Intercommunalit\u00e9"},"content":{"rendered":"<p><a href=\"https:\/\/www.entre-bievreetrhone.fr\/\" target=\"_blank\" rel=\"noopener\">Entre Bi\u00e8vre et Rh\u00f4ne communaut\u00e9 de communes<\/a><\/p>\n","protected":false},"excerpt":{"rendered":"<p>Entre Bi\u00e8vre et Rh\u00f4ne communaut\u00e9 de communes<\/p>\n","protected":false},"author":1,"featured_media":0,"parent":0,"menu_order":0,"comment_status":"closed","ping_status":"closed","template":"","meta":{"_exactmetrics_skip_tracking":false,"_exactmetrics_sitenote_active":false,"_exactmetrics_sitenote_note":"","_exactmetrics_sitenote_category":0,"footnotes":""},"class_list":["post-64","page","type-page","status-publish","hentry"],"_links":{"self":[{"href":"https:\/\/ville-sous-anjou.fr\/index.php?rest_route=\/wp\/v2\/pages\/64","targetHints":{"allow":["GET"]}}],"collection":[{"href":"https:\/\/ville-sous-anjou.fr\/index.php?rest_route=\/wp\/v2\/pages"}],"about":[{"href":"https:\/\/ville-sous-anjou.fr\/index.php?rest_route=\/wp\/v2\/types\/page"}],"author":[{"embeddable":true,"href":"https:\/\/ville-sous-anjou.fr\/index.php?rest_route=\/wp\/v2\/users\/1"}],"replies":[{"embeddable":true,"href":"https:\/\/ville-sous-anjou.fr\/index.php?rest_route=%2Fwp%2Fv2%2Fcomments&post=64"}],"version-history":[{"count":2,"href":"https:\/\/ville-sous-anjou.fr\/index.php?rest_route=\/wp\/v2\/pages\/64\/revisions"}],"predecessor-version":[{"id":2817,"href":"https:\/\/ville-sous-anjou.fr\/index.php?rest_route=\/wp\/v2\/pages\/64\/revisions\/2817"}],"wp:attachment":[{"href":"https:\/\/ville-sous-anjou.fr\/index.php?rest_route=%2Fwp%2Fv2%2Fmedia&parent=64"}],"curies":[{"name":"wp","href":"https:\/\/api.w.org\/{rel}","templated":true}]}}