{"id":83,"date":"2014-09-02T14:21:23","date_gmt":"2014-09-02T13:21:23","guid":{"rendered":"http:\/\/vsatest.wpweb.fr\/?page_id=83"},"modified":"2025-09-15T11:53:19","modified_gmt":"2025-09-15T11:53:19","slug":"ecole-terrebasse","status":"publish","type":"page","link":"https:\/\/ville-sous-anjou.fr\/?page_id=83","title":{"rendered":"Ecole de Terrebasse"},"content":{"rendered":"<p><strong><u>L\u2019\u00e9cole \u00e0 la rentr\u00e9e 2025<\/u><\/strong><\/p>\n<p><img loading=\"lazy\" decoding=\"async\" src=\"http:\/\/ville-sous-anjou.fr\/wp-content\/uploads\/2025\/09\/photo-rentree-2025-1024x529.jpg\" alt=\"\" width=\"750\" height=\"387\" class=\"alignnone size-large wp-image-3327\" srcset=\"https:\/\/ville-sous-anjou.fr\/wp-content\/uploads\/2025\/09\/photo-rentree-2025-1024x529.jpg 1024w, https:\/\/ville-sous-anjou.fr\/wp-content\/uploads\/2025\/09\/photo-rentree-2025-300x155.jpg 300w, https:\/\/ville-sous-anjou.fr\/wp-content\/uploads\/2025\/09\/photo-rentree-2025-768x397.jpg 768w, https:\/\/ville-sous-anjou.fr\/wp-content\/uploads\/2025\/09\/photo-rentree-2025-1536x793.jpg 1536w, https:\/\/ville-sous-anjou.fr\/wp-content\/uploads\/2025\/09\/photo-rentree-2025-2048x1058.jpg 2048w\" sizes=\"auto, (max-width: 750px) 100vw, 750px\" \/><\/p>\n<ul><\/ul>\n<p><strong><u>Horaires Scolaires: 8h30 \u00e0 11h45 et 13h15 \u00e0 16h00<\/u><\/strong><\/p>\n<p>La rentr\u00e9e du 01 septembre a accueilli 63 \u00e9l\u00e8ves \u00e0 l\u2019\u00e9cole de Terrebasse. Les enfants sont r\u00e9partis sur 3 classes :<\/p>\n<ul>\n<li>24 \u00e9l\u00e8ves en PS\/MS avec <strong>Diane WEISSEND<\/strong><\/li>\n<li>20 \u00e9l\u00e8ves en GS\/CP\/CE1 avec <strong>Elodie MARSANGO\u00a0<\/strong>et <strong>Calliop\u00e9 SOULAT<\/strong> ( le lundi)<\/li>\n<li>19 \u00e9l\u00e8ves en CE2\/CM1\/CM2 avec <strong>Audrey MASI<\/strong>(<strong>directrice)<\/strong><\/li>\n<\/ul>\n<p><strong><u>Le personnel communal<\/u><\/strong><\/p>\n<p>La commune met \u00e0 disposition de l\u2019\u00e9cole du personnel pour assurer diff\u00e9rentes missions pendant le temps scolaire et le temps p\u00e9riscolaire :<\/p>\n<ul>\n<li><strong>Charl\u00e8ne MARTINIER<\/strong>, agent titulaire, elle est la responsable de la cantine, assure l\u2019entretien des locaux, et peut intervenir selon les besoins sur des temps d\u2019accueil p\u00e9riscolaires.<\/li>\n<li><strong>St\u00e9phanie CASTELOA<\/strong> , en contrat pour l\u2019ann\u00e9e scolaire sur une mission de remplacement d\u2019Atsem dans la classe de Diane Weissend qui accueille 24 \u00e9l\u00e8ves de petite et moyenne sections. Elle est aussi sur le temps de cantine, l\u2019accompagnement des enfants de moins de 5 ans dans le transport scolaire<strong> .<\/strong><\/li>\n<li><strong>Justine DARGAUD\u00a0, <\/strong>en contrat pour l\u2019ann\u00e9e scolaire sur une mission de remplacement \u00e0 la cantine et \u00e0 l\u2019entretien des locaux. De plus elle assure aussi une mission d\u2019accompagnement Atsem, 2 heures par jour pour les 6 \u00e9l\u00e8ves de Grande Section qui sont cette ann\u00e9e dans la classe d\u2019Elodie Marsango avec des CP et des CE1, c\u2019est une demande des enseignantes \u00e0 laquelle la Mairie a souhait\u00e9 r\u00e9pondre favorablement.<\/li>\n<\/ul>\n<p><strong><u>Le p\u00e9riscolaire\u00a0:<\/u><\/strong><\/p>\n<p>La commune propose plusieurs services sur le temps p\u00e9riscolaire\u00a0:<\/p>\n<ul>\n<li>Le service de car qui fonctionne matin et soir<\/li>\n<li>La restauration g\u00e9r\u00e9e par \u00ab\u00a0L\u2019Association cantine\u00a0\u00bb, il fonctionne dans les locaux de l\u2019\u00e9cole avec du personnel communal.<\/li>\n<li>L\u2019accueil p\u00e9riscolaire est ouvert le <strong>matin de 7h20 \u00e0 8h20 et le soir de<\/strong> <strong>16h00 \u00e0 18h30<\/strong>. Il est confi\u00e9 aux animateurs du Centre Social \u00ab\u00a0Les 4 vents\u00a0\u00bb.<\/li>\n<li>Les inscriptions car\/cantine\/p\u00e9riscolaire se font par le logiciel \u00ab\u00a0bl.enfance\u00a0\u00bb.<\/li>\n<\/ul>\n<p><strong>Pour tous renseignements, contacter le secr\u00e9tariat de Mairie\u00a0:<\/strong><\/p>\n<p><strong>T\u00e9l\u00a0: 04 74 84 04 55<\/strong><\/p>\n<p><strong>Adresse mail\u00a0: mairie@ville-sous-anjou.fr<\/strong><\/p>\n","protected":false},"excerpt":{"rendered":"<p>L\u2019\u00e9cole \u00e0 la rentr\u00e9e 2025 Horaires Scolaires: 8h30 \u00e0 11h45 et 13h15 \u00e0 16h00 La rentr\u00e9e du 01 septembre a accueilli 63 \u00e9l\u00e8ves \u00e0 l\u2019\u00e9cole de Terrebasse. Les enfants sont r\u00e9partis sur 3 classes : 24 \u00e9l\u00e8ves en PS\/MS avec Diane WEISSEND 20 \u00e9l\u00e8ves en GS\/CP\/CE1 avec Elodie MARSANGO\u00a0et Calliop\u00e9 [&hellip;]<\/p>\n","protected":false},"author":1,"featured_media":0,"parent":0,"menu_order":0,"comment_status":"closed","ping_status":"closed","template":"","meta":{"_exactmetrics_skip_tracking":false,"_exactmetrics_sitenote_active":false,"_exactmetrics_sitenote_note":"","_exactmetrics_sitenote_category":0,"footnotes":""},"class_list":["post-83","page","type-page","status-publish","hentry"],"_links":{"self":[{"href":"https:\/\/ville-sous-anjou.fr\/index.php?rest_route=\/wp\/v2\/pages\/83","targetHints":{"allow":["GET"]}}],"collection":[{"href":"https:\/\/ville-sous-anjou.fr\/index.php?rest_route=\/wp\/v2\/pages"}],"about":[{"href":"https:\/\/ville-sous-anjou.fr\/index.php?rest_route=\/wp\/v2\/types\/page"}],"author":[{"embeddable":true,"href":"https:\/\/ville-sous-anjou.fr\/index.php?rest_route=\/wp\/v2\/users\/1"}],"replies":[{"embeddable":true,"href":"https:\/\/ville-sous-anjou.fr\/index.php?rest_route=%2Fwp%2Fv2%2Fcomments&post=83"}],"version-history":[{"count":30,"href":"https:\/\/ville-sous-anjou.fr\/index.php?rest_route=\/wp\/v2\/pages\/83\/revisions"}],"predecessor-version":[{"id":3330,"href":"https:\/\/ville-sous-anjou.fr\/index.php?rest_route=\/wp\/v2\/pages\/83\/revisions\/3330"}],"wp:attachment":[{"href":"https:\/\/ville-sous-anjou.fr\/index.php?rest_route=%2Fwp%2Fv2%2Fmedia&parent=83"}],"curies":[{"name":"wp","href":"https:\/\/api.w.org\/{rel}","templated":true}]}}