{"id":85,"date":"2014-09-02T14:21:36","date_gmt":"2014-09-02T13:21:36","guid":{"rendered":"http:\/\/vsatest.wpweb.fr\/?page_id=85"},"modified":"2020-12-02T16:25:28","modified_gmt":"2020-12-02T16:25:28","slug":"la-cantine","status":"publish","type":"page","link":"https:\/\/ville-sous-anjou.fr\/?page_id=85","title":{"rendered":"La cantine"},"content":{"rendered":"<p>Une cinquantaine d\u2019enfants mangent chaque jour \u00e0 la cantine de l \u2019\u00e9cole . M\u00eame si le r\u00e9fectoire dispose de pi\u00e8ges \u00e0 sons pour que le temps de repas reste aussi un temps calme et de d\u00e9tente, il convient de respecter des r\u00e8gles : les enfants ne doivent pas crier (ou chanter car cela arrive), et doivent lever le doigt pour se lever ou demander quelque chose . Les repas sont \u00e9quilibr\u00e9s et vari\u00e9s .<strong><\/strong><\/p>\n<p>L\u2019\u00e9ducation au go\u00fbt est ainsi privil\u00e9gi\u00e9e . Tout le monde se doit de go\u00fbter, et chacun peut choisir sa portion selon ses go\u00fbts ou son app\u00e9tit : b\u00e9b\u00e9, normal ou maximum pour les plus gourmands . Les enfants peuvent \u00eatre resservis s\u2019ils le souhaitent . Ils peuvent se laver les mains en entrant, mais il n\u2019y a pas d\u2019obligation, pour les responsabiliser . Les \u00ab dames de la cantine \u00bb n\u2019h\u00e9sitent pas \u00e0 le leur imposer si besoin . De m\u00eame, pas de serviettes en tissu fournies mais des serviettes en papier et d\u00e9barbouillage \u00e0 la sortie si n\u00e9cessaire pour les plus petits notamment . Les enfants qui le souhaitent peuvent m\u00eame se laver les dents ! C\u00e9cile aide \u00e0 la mise en place avant le service et s\u2019occupe des maternelles pendant le repas . Martine et Pauline s\u2019occupent des grands, pendant que Charl\u00e8ne se partage entre la salle et la cuisine . Une organisation bien rod\u00e9e !<\/p>\n<p><em><strong>Consulter le <a href=\"http:\/\/ville-sous-anjou.fr\/wp-content\/uploads\/2020\/12\/Reglement-interieur-CANTINE.pdf\" target=\"_blank\" rel=\"noopener noreferrer\">r\u00e8glement int\u00e9rieur<\/a>!<\/strong><\/em><\/p>\n<p><a href=\"http:\/\/ville-sous-anjou.fr\/wp-content\/uploads\/2019\/03\/Menu26-5C5Jours2.pdf\" target=\"_blank\" rel=\"noopener noreferrer\"><\/a>\r\n\t<div class=\"slideshow_container slideshow_container_style-light\" style=\"height: 372px; \" data-slideshow-id=\"2417\" data-style-name=\"style-light\" data-style-version=\"2.3.1\" >\r\n\r\n\t\t\t\t\t<div class=\"slideshow_loading_icon\"><\/div>\r\n\t\t\r\n\t\t<div class=\"slideshow_content\" style=\"display: none;\">\r\n\r\n\t\t\t<div class=\"slideshow_view\">\r\n\t\t\t\t<div class=\"slideshow_slide slideshow_slide_image\">\r\n\t\t\t\t\t\t\t\t\t\t\t<img src=\"https:\/\/ville-sous-anjou.fr\/wp-content\/uploads\/2020\/12\/Food-truck-a-la-cantine-1-scaled.jpg\" alt=\"sdr\" width=\"2560\" height=\"1920\" \/>\r\n\t\t\t\t\t\t\t\t\t\t<div class=\"slideshow_description_box slideshow_transparent\">\r\n\t\t\t\t\t\t<div class=\"slideshow_title\">sdr<\/div>\t\t\t\t\t\t\t\t\t\t\t<\/div>\r\n\t\t\t\t<\/div>\r\n\r\n\t\t\t\t\t\t<div style=\"clear: both;\"><\/div><\/div><div class=\"slideshow_view\">\r\n\t\t\t\t<div class=\"slideshow_slide slideshow_slide_image\">\r\n\t\t\t\t\t\t\t\t\t\t\t<img src=\"https:\/\/ville-sous-anjou.fr\/wp-content\/uploads\/2020\/12\/Food-truck-a-la-cantine-2-scaled.jpg\" alt=\"sdr\" width=\"2560\" height=\"1920\" \/>\r\n\t\t\t\t\t\t\t\t\t\t<div class=\"slideshow_description_box slideshow_transparent\">\r\n\t\t\t\t\t\t<div class=\"slideshow_title\">sdr<\/div>\t\t\t\t\t\t\t\t\t\t\t<\/div>\r\n\t\t\t\t<\/div>\r\n\r\n\t\t\t\t\t\t<div style=\"clear: both;\"><\/div><\/div><div class=\"slideshow_view\">\r\n\t\t\t\t<div class=\"slideshow_slide slideshow_slide_image\">\r\n\t\t\t\t\t\t\t\t\t\t\t<img src=\"https:\/\/ville-sous-anjou.fr\/wp-content\/uploads\/2020\/12\/Food-truck-a-la-cantine-3-scaled.jpg\" alt=\"sdr\" width=\"2560\" height=\"1920\" \/>\r\n\t\t\t\t\t\t\t\t\t\t<div class=\"slideshow_description_box slideshow_transparent\">\r\n\t\t\t\t\t\t<div class=\"slideshow_title\">sdr<\/div>\t\t\t\t\t\t\t\t\t\t\t<\/div>\r\n\t\t\t\t<\/div>\r\n\r\n\t\t\t\t\t\t<div style=\"clear: both;\"><\/div><\/div>\r\n\t\t<\/div>\r\n\r\n\t\t<div class=\"slideshow_controlPanel slideshow_transparent\" style=\"display: none;\"><ul><li class=\"slideshow_togglePlay\" data-play-text=\"Play\" data-pause-text=\"Pause\"><\/li><\/ul><\/div>\r\n\r\n\t\t<div class=\"slideshow_button slideshow_previous slideshow_transparent\" role=\"button\" data-previous-text=\"Pr\u00e9c\u00e9dent\" style=\"display: none;\"><\/div>\r\n\t\t<div class=\"slideshow_button slideshow_next slideshow_transparent\" role=\"button\" data-next-text=\"Suivant\" style=\"display: none;\"><\/div>\r\n\r\n\t\t<div class=\"slideshow_pagination\" style=\"display: none;\" data-go-to-text=\"Go to slide\"><div class=\"slideshow_pagination_center\"><\/div><\/div>\r\n\r\n\t\t<!-- WordPress Slideshow Version 2.3.1 -->\r\n\r\n\t\t\t<\/div>\r\n\r\n<\/p>\n\n\n<p><\/p>\n","protected":false},"excerpt":{"rendered":"<p>Une cinquantaine d\u2019enfants mangent chaque jour \u00e0 la cantine de l \u2019\u00e9cole . M\u00eame si le r\u00e9fectoire dispose de pi\u00e8ges \u00e0 sons pour que le temps de repas reste aussi un temps calme et de d\u00e9tente, il convient de respecter des r\u00e8gles : les enfants ne doivent pas crier (ou [&hellip;]<\/p>\n","protected":false},"author":1,"featured_media":952,"parent":0,"menu_order":0,"comment_status":"closed","ping_status":"closed","template":"","meta":{"_exactmetrics_skip_tracking":false,"_exactmetrics_sitenote_active":false,"_exactmetrics_sitenote_note":"","_exactmetrics_sitenote_category":0,"footnotes":""},"class_list":["post-85","page","type-page","status-publish","has-post-thumbnail","hentry"],"_links":{"self":[{"href":"https:\/\/ville-sous-anjou.fr\/index.php?rest_route=\/wp\/v2\/pages\/85","targetHints":{"allow":["GET"]}}],"collection":[{"href":"https:\/\/ville-sous-anjou.fr\/index.php?rest_route=\/wp\/v2\/pages"}],"about":[{"href":"https:\/\/ville-sous-anjou.fr\/index.php?rest_route=\/wp\/v2\/types\/page"}],"author":[{"embeddable":true,"href":"https:\/\/ville-sous-anjou.fr\/index.php?rest_route=\/wp\/v2\/users\/1"}],"replies":[{"embeddable":true,"href":"https:\/\/ville-sous-anjou.fr\/index.php?rest_route=%2Fwp%2Fv2%2Fcomments&post=85"}],"version-history":[{"count":82,"href":"https:\/\/ville-sous-anjou.fr\/index.php?rest_route=\/wp\/v2\/pages\/85\/revisions"}],"predecessor-version":[{"id":2428,"href":"https:\/\/ville-sous-anjou.fr\/index.php?rest_route=\/wp\/v2\/pages\/85\/revisions\/2428"}],"wp:featuredmedia":[{"embeddable":true,"href":"https:\/\/ville-sous-anjou.fr\/index.php?rest_route=\/wp\/v2\/media\/952"}],"wp:attachment":[{"href":"https:\/\/ville-sous-anjou.fr\/index.php?rest_route=%2Fwp%2Fv2%2Fmedia&parent=85"}],"curies":[{"name":"wp","href":"https:\/\/api.w.org\/{rel}","templated":true}]}}