{"id":87,"date":"2014-09-02T14:22:03","date_gmt":"2014-09-02T13:22:03","guid":{"rendered":"http:\/\/vsatest.wpweb.fr\/?page_id=87"},"modified":"2021-09-20T13:31:40","modified_gmt":"2021-09-20T13:31:40","slug":"temps-periscolaires","status":"publish","type":"page","link":"https:\/\/ville-sous-anjou.fr\/?page_id=87","title":{"rendered":"Temps p\u00e9riscolaires"},"content":{"rendered":"<p><strong>Pour Temps p\u00e9riscolaires<\/strong><\/p>\n<p><strong>\u00a0Il est ouvert le matin de 7h20 \u00e0 8h20<\/strong><strong> et le soir de 16h00 \u00e0 18h30<\/strong><\/p>\n<p>Ces temps d\u2019accueil sont encadr\u00e9s par des animateurs du Centre Social les 4 vents, avec aussi la pr\u00e9sence de Pauline Perger (Atsem) si besoin, selon l\u2019effectif.<\/p>\n<p>C\u2019est un lieu \u00e9ducatif dans lequel l\u2019\u00e9quipe d\u2019animateurs professionnels propose des activit\u00e9s vari\u00e9es contribuant au d\u00e9veloppement et \u00e0 l\u2019\u00e9panouissement de chaque enfant. L\u2019\u00e9quipe d\u2019animation veut permettre aux enfants d\u2019\u00eatre acteurs de leurs loisirs, c\u2019est pourquoi ils sont r\u00e9guli\u00e8rement interrog\u00e9s sur leurs envies afin de construire ensemble le planning des activit\u00e9s. S\u2019il r\u00e9pond au besoin de garde des enfants, son r\u00f4le social et \u00e9ducatif est compl\u00e9mentaire de celui de la famille et de l\u2019\u00e9cole (le bien vivre ensemble \u2026..).<\/p>\n<p>Le r\u00e8glement int\u00e9rieur de l\u2019accueil p\u00e9riscolaire est \u00a0\u00e0 t\u00e9l\u00e9charger ici:<\/p>\n<ul>\n<li><a href=\"http:\/\/ville-sous-anjou.fr\/wp-content\/uploads\/2021\/09\/Reglement-interieur-accueil-de-loisirs-periscoscolaires-rentree-2021-2022.pdf\" target=\"_blank\" rel=\"noopener\">R\u00e8glement int\u00e9rieur de la garderie p\u00e9riscolaire 2021-2022<\/a><\/li>\n<\/ul>\n<p>Pour vous connecter \u00e0 \u00ab\u00a0e.enfance\u00a0\u00bb cliquez ici : <strong><a href=\"http:\/\/ville-sous-anjou.fr\/?page_id=1371\" target=\"_blank\" rel=\"noopener noreferrer\">portail famille<\/a><\/strong><\/p>\n\r\n\t<div class=\"slideshow_container slideshow_container_style-light\" style=\"height: 372px; \" data-slideshow-id=\"1419\" data-style-name=\"style-light\" data-style-version=\"2.3.1\" >\r\n\r\n\t\t\t\t\t<div class=\"slideshow_loading_icon\"><\/div>\r\n\t\t\r\n\t\t<div class=\"slideshow_content\" style=\"display: none;\">\r\n\r\n\t\t\t<div class=\"slideshow_view\">\r\n\t\t\t\t<div class=\"slideshow_slide slideshow_slide_image\">\r\n\t\t\t\t\t\t\t\t\t\t\t<img src=\"https:\/\/ville-sous-anjou.fr\/wp-content\/uploads\/2020\/12\/tap-atelier-periscolaire-frise-a-la-cantine-2-1-scaled.jpg\" alt=\"tap-atelier p\u00e9riscolaire frise \u00e0 la cantine 2\" width=\"2560\" height=\"1920\" \/>\r\n\t\t\t\t\t\t\t\t\t\t<div class=\"slideshow_description_box slideshow_transparent\">\r\n\t\t\t\t\t\t<div class=\"slideshow_title\">tap-atelier p\u00e9riscolaire frise \u00e0 la cantine 2<\/div>\t\t\t\t\t\t\t\t\t\t\t<\/div>\r\n\t\t\t\t<\/div>\r\n\r\n\t\t\t\t\t\t<div style=\"clear: both;\"><\/div><\/div><div class=\"slideshow_view\">\r\n\t\t\t\t<div class=\"slideshow_slide slideshow_slide_image\">\r\n\t\t\t\t\t\t\t\t\t\t\t<img src=\"https:\/\/ville-sous-anjou.fr\/wp-content\/uploads\/2020\/12\/tap-atelier-periscolaire-frise-a-la-cantine-3-scaled.jpg\" alt=\"tap-atelier p\u00e9riscolaire frise \u00e0 la cantine\" width=\"2560\" height=\"1920\" \/>\r\n\t\t\t\t\t\t\t\t\t\t<div class=\"slideshow_description_box slideshow_transparent\">\r\n\t\t\t\t\t\t<div class=\"slideshow_title\">tap-atelier p\u00e9riscolaire frise \u00e0 la cantine<\/div>\t\t\t\t\t\t\t\t\t\t\t<\/div>\r\n\t\t\t\t<\/div>\r\n\r\n\t\t\t\t\t\t<div style=\"clear: both;\"><\/div><\/div><div class=\"slideshow_view\">\r\n\t\t\t\t<div class=\"slideshow_slide slideshow_slide_image\">\r\n\t\t\t\t\t\t\t\t\t\t\t<img src=\"https:\/\/ville-sous-anjou.fr\/wp-content\/uploads\/2020\/12\/tap-atelier-periscolaire-frise-a-la-cantine-1-1-scaled.jpg\" alt=\"tap-atelier p\u00e9riscolaire, frise \u00e0 la cantine 1\" width=\"2560\" height=\"1920\" \/>\r\n\t\t\t\t\t\t\t\t\t\t<div class=\"slideshow_description_box slideshow_transparent\">\r\n\t\t\t\t\t\t<div class=\"slideshow_title\">tap-atelier p\u00e9riscolaire, frise \u00e0 la cantine 1<\/div>\t\t\t\t\t\t\t\t\t\t\t<\/div>\r\n\t\t\t\t<\/div>\r\n\r\n\t\t\t\t\t\t<div style=\"clear: both;\"><\/div><\/div><div class=\"slideshow_view\">\r\n\t\t\t\t<div class=\"slideshow_slide slideshow_slide_image\">\r\n\t\t\t\t\t\t\t\t\t\t\t<img src=\"https:\/\/ville-sous-anjou.fr\/wp-content\/uploads\/2020\/12\/tap-gouter-Noel-au-periscolaire-1.jpg\" alt=\"tap-gouter No\u00ebl au p\u00e9riscolaire\" width=\"1963\" height=\"1255\" \/>\r\n\t\t\t\t\t\t\t\t\t\t<div class=\"slideshow_description_box slideshow_transparent\">\r\n\t\t\t\t\t\t<div class=\"slideshow_title\">tap-gouter No\u00ebl au p\u00e9riscolaire<\/div>\t\t\t\t\t\t\t\t\t\t\t<\/div>\r\n\t\t\t\t<\/div>\r\n\r\n\t\t\t\t\t\t<div style=\"clear: both;\"><\/div><\/div>\r\n\t\t<\/div>\r\n\r\n\t\t<div class=\"slideshow_controlPanel slideshow_transparent\" style=\"display: none;\"><ul><li class=\"slideshow_togglePlay\" data-play-text=\"Play\" data-pause-text=\"Pause\"><\/li><\/ul><\/div>\r\n\r\n\t\t<div class=\"slideshow_button slideshow_previous slideshow_transparent\" role=\"button\" data-previous-text=\"Pr\u00e9c\u00e9dent\" style=\"display: none;\"><\/div>\r\n\t\t<div class=\"slideshow_button slideshow_next slideshow_transparent\" role=\"button\" data-next-text=\"Suivant\" style=\"display: none;\"><\/div>\r\n\r\n\t\t<div class=\"slideshow_pagination\" style=\"display: none;\" data-go-to-text=\"Go to slide\"><div class=\"slideshow_pagination_center\"><\/div><\/div>\r\n\r\n\t\t<!-- WordPress Slideshow Version 2.3.1 -->\r\n\r\n\t\t\t<\/div>\r\n\r\n\n\n\n<p><\/p>\n","protected":false},"excerpt":{"rendered":"<p>Pour Temps p\u00e9riscolaires \u00a0Il est ouvert le matin de 7h20 \u00e0 8h20 et le soir de 16h00 \u00e0 18h30 Ces temps d\u2019accueil sont encadr\u00e9s par des animateurs du Centre Social les 4 vents, avec aussi la pr\u00e9sence de Pauline Perger (Atsem) si besoin, selon l\u2019effectif. C\u2019est un lieu \u00e9ducatif dans [&hellip;]<\/p>\n","protected":false},"author":1,"featured_media":0,"parent":0,"menu_order":0,"comment_status":"closed","ping_status":"closed","template":"","meta":{"_exactmetrics_skip_tracking":false,"_exactmetrics_sitenote_active":false,"_exactmetrics_sitenote_note":"","_exactmetrics_sitenote_category":0,"footnotes":""},"class_list":["post-87","page","type-page","status-publish","hentry"],"_links":{"self":[{"href":"https:\/\/ville-sous-anjou.fr\/index.php?rest_route=\/wp\/v2\/pages\/87","targetHints":{"allow":["GET"]}}],"collection":[{"href":"https:\/\/ville-sous-anjou.fr\/index.php?rest_route=\/wp\/v2\/pages"}],"about":[{"href":"https:\/\/ville-sous-anjou.fr\/index.php?rest_route=\/wp\/v2\/types\/page"}],"author":[{"embeddable":true,"href":"https:\/\/ville-sous-anjou.fr\/index.php?rest_route=\/wp\/v2\/users\/1"}],"replies":[{"embeddable":true,"href":"https:\/\/ville-sous-anjou.fr\/index.php?rest_route=%2Fwp%2Fv2%2Fcomments&post=87"}],"version-history":[{"count":23,"href":"https:\/\/ville-sous-anjou.fr\/index.php?rest_route=\/wp\/v2\/pages\/87\/revisions"}],"predecessor-version":[{"id":2588,"href":"https:\/\/ville-sous-anjou.fr\/index.php?rest_route=\/wp\/v2\/pages\/87\/revisions\/2588"}],"wp:attachment":[{"href":"https:\/\/ville-sous-anjou.fr\/index.php?rest_route=%2Fwp%2Fv2%2Fmedia&parent=87"}],"curies":[{"name":"wp","href":"https:\/\/api.w.org\/{rel}","templated":true}]}}