{"id":93,"date":"2014-09-02T14:22:48","date_gmt":"2014-09-02T13:22:48","guid":{"rendered":"http:\/\/vsatest.wpweb.fr\/?page_id=93"},"modified":"2017-06-26T12:29:12","modified_gmt":"2017-06-26T12:29:12","slug":"les-evenements","status":"publish","type":"page","link":"https:\/\/ville-sous-anjou.fr\/?page_id=93","title":{"rendered":"Les \u00e9v\u00e8nements"},"content":{"rendered":"<p><strong>4 <sup>\u00e8me <\/sup>BALADE GOURMANDE \u00e0 VILLE SOUS ANJOU<\/strong><\/p>\n<p><strong>le dimanche 3 septembre organis\u00e9e par le COMITE DES FETES<\/strong><\/p>\n<p><strong>\u00a0\u00a0\u00a0\u00a0\u00a0\u00a0\u00a0\u00a0\u00a0\u00a0\u00a0 <\/strong>Sur un parcours de 8 km, vous d\u00e9couvrirez diff\u00e9rents hameaux de notre village, des points de vue panoramiques tout en d\u00e9gustant un repas pr\u00e9par\u00e9 \u00e0 base de produits locaux servi tout au long du trajet (5 relais sont pr\u00e9vus).<\/p>\n<p><strong>Le d\u00e9part se fera sur la place de la mairie de 10h30 \u00e0 13h.<\/strong><\/p>\n<p>Une r\u00e9servation est obligatoire et possible jusqu&rsquo;au <strong>23 ao\u00fbt 2017<\/strong>\u00a0dans la limite des places disponibles.<\/p>\n<p>Fiche d&rsquo;information et d&rsquo;inscription disponible <a href=\"http:\/\/ville-sous-anjou.fr\/wp-content\/uploads\/2017\/06\/BALADE-GOURMANDE-\u00e0-VILLE-SOUS-ANJOU-2017.pdf\" target=\"_blank\" rel=\"noopener\">ici.<\/a><\/p>\n","protected":false},"excerpt":{"rendered":"<p>4 \u00e8me BALADE GOURMANDE \u00e0 VILLE SOUS ANJOU le dimanche 3 septembre organis\u00e9e par le COMITE DES FETES \u00a0\u00a0\u00a0\u00a0\u00a0\u00a0\u00a0\u00a0\u00a0\u00a0\u00a0 Sur un parcours de 8 km, vous d\u00e9couvrirez diff\u00e9rents hameaux de notre village, des points de vue panoramiques tout en d\u00e9gustant un repas pr\u00e9par\u00e9 \u00e0 base de produits locaux servi tout [&hellip;]<\/p>\n","protected":false},"author":1,"featured_media":0,"parent":0,"menu_order":0,"comment_status":"closed","ping_status":"closed","template":"","meta":{"_exactmetrics_skip_tracking":false,"_exactmetrics_sitenote_active":false,"_exactmetrics_sitenote_note":"","_exactmetrics_sitenote_category":0,"footnotes":""},"class_list":["post-93","page","type-page","status-publish","hentry"],"_links":{"self":[{"href":"https:\/\/ville-sous-anjou.fr\/index.php?rest_route=\/wp\/v2\/pages\/93","targetHints":{"allow":["GET"]}}],"collection":[{"href":"https:\/\/ville-sous-anjou.fr\/index.php?rest_route=\/wp\/v2\/pages"}],"about":[{"href":"https:\/\/ville-sous-anjou.fr\/index.php?rest_route=\/wp\/v2\/types\/page"}],"author":[{"embeddable":true,"href":"https:\/\/ville-sous-anjou.fr\/index.php?rest_route=\/wp\/v2\/users\/1"}],"replies":[{"embeddable":true,"href":"https:\/\/ville-sous-anjou.fr\/index.php?rest_route=%2Fwp%2Fv2%2Fcomments&post=93"}],"version-history":[{"count":4,"href":"https:\/\/ville-sous-anjou.fr\/index.php?rest_route=\/wp\/v2\/pages\/93\/revisions"}],"predecessor-version":[{"id":1687,"href":"https:\/\/ville-sous-anjou.fr\/index.php?rest_route=\/wp\/v2\/pages\/93\/revisions\/1687"}],"wp:attachment":[{"href":"https:\/\/ville-sous-anjou.fr\/index.php?rest_route=%2Fwp%2Fv2%2Fmedia&parent=93"}],"curies":[{"name":"wp","href":"https:\/\/api.w.org\/{rel}","templated":true}]}}